{"id":503,"date":"2022-06-13T15:17:00","date_gmt":"2022-06-13T13:17:00","guid":{"rendered":"https:\/\/www.grcs.digital\/?page_id=503"},"modified":"2022-06-13T15:31:19","modified_gmt":"2022-06-13T13:31:19","slug":"yealink","status":"publish","type":"page","link":"https:\/\/www.grcs.digital\/index.php\/yealink\/","title":{"rendered":"YEALINK"},"content":{"rendered":"\n<figure class=\"wp-block-image size-full\"><img data-recalc-dims=\"1\" loading=\"lazy\" decoding=\"async\" width=\"868\" height=\"724\" data-attachment-id=\"510\" data-permalink=\"https:\/\/www.grcs.digital\/index.php\/yealink\/casquesbh72\/\" data-orig-file=\"https:\/\/i0.wp.com\/www.grcs.digital\/wp-content\/uploads\/2022\/06\/CasquesBH72.png?fit=868%2C724&amp;ssl=1\" data-orig-size=\"868,724\" data-comments-opened=\"0\" data-image-meta=\"{&quot;aperture&quot;:&quot;0&quot;,&quot;credit&quot;:&quot;&quot;,&quot;camera&quot;:&quot;&quot;,&quot;caption&quot;:&quot;&quot;,&quot;created_timestamp&quot;:&quot;0&quot;,&quot;copyright&quot;:&quot;&quot;,&quot;focal_length&quot;:&quot;0&quot;,&quot;iso&quot;:&quot;0&quot;,&quot;shutter_speed&quot;:&quot;0&quot;,&quot;title&quot;:&quot;&quot;,&quot;orientation&quot;:&quot;0&quot;}\" data-image-title=\"CasquesBH72\" data-image-description=\"\" data-image-caption=\"\" data-medium-file=\"https:\/\/i0.wp.com\/www.grcs.digital\/wp-content\/uploads\/2022\/06\/CasquesBH72.png?fit=300%2C250&amp;ssl=1\" data-large-file=\"https:\/\/i0.wp.com\/www.grcs.digital\/wp-content\/uploads\/2022\/06\/CasquesBH72.png?fit=868%2C724&amp;ssl=1\" src=\"https:\/\/i0.wp.com\/www.grcs.digital\/wp-content\/uploads\/2022\/06\/CasquesBH72.png?resize=868%2C724&#038;ssl=1\" alt=\"\" class=\"wp-image-510\" srcset=\"https:\/\/i0.wp.com\/www.grcs.digital\/wp-content\/uploads\/2022\/06\/CasquesBH72.png?w=868&amp;ssl=1 868w, https:\/\/i0.wp.com\/www.grcs.digital\/wp-content\/uploads\/2022\/06\/CasquesBH72.png?resize=300%2C250&amp;ssl=1 300w, https:\/\/i0.wp.com\/www.grcs.digital\/wp-content\/uploads\/2022\/06\/CasquesBH72.png?resize=768%2C641&amp;ssl=1 768w, https:\/\/i0.wp.com\/www.grcs.digital\/wp-content\/uploads\/2022\/06\/CasquesBH72.png?resize=139%2C116&amp;ssl=1 139w\" sizes=\"auto, (max-width: 868px) 100vw, 868px\" \/><\/figure>\n\n\n\n<p>T\u00e9l\u00e9phones de la s\u00e9rie T5<\/p>\n\n\n\n<figure class=\"wp-block-image size-large\"><img data-recalc-dims=\"1\" loading=\"lazy\" decoding=\"async\" width=\"1024\" height=\"795\" data-attachment-id=\"507\" data-permalink=\"https:\/\/www.grcs.digital\/index.php\/yealink\/postesyealink\/\" data-orig-file=\"https:\/\/i0.wp.com\/www.grcs.digital\/wp-content\/uploads\/2022\/06\/PostesYealink.png?fit=1123%2C872&amp;ssl=1\" data-orig-size=\"1123,872\" data-comments-opened=\"0\" data-image-meta=\"{&quot;aperture&quot;:&quot;0&quot;,&quot;credit&quot;:&quot;&quot;,&quot;camera&quot;:&quot;&quot;,&quot;caption&quot;:&quot;&quot;,&quot;created_timestamp&quot;:&quot;0&quot;,&quot;copyright&quot;:&quot;&quot;,&quot;focal_length&quot;:&quot;0&quot;,&quot;iso&quot;:&quot;0&quot;,&quot;shutter_speed&quot;:&quot;0&quot;,&quot;title&quot;:&quot;&quot;,&quot;orientation&quot;:&quot;0&quot;}\" data-image-title=\"PostesYealink\" data-image-description=\"\" data-image-caption=\"\" data-medium-file=\"https:\/\/i0.wp.com\/www.grcs.digital\/wp-content\/uploads\/2022\/06\/PostesYealink.png?fit=300%2C233&amp;ssl=1\" data-large-file=\"https:\/\/i0.wp.com\/www.grcs.digital\/wp-content\/uploads\/2022\/06\/PostesYealink.png?fit=1024%2C795&amp;ssl=1\" src=\"https:\/\/i0.wp.com\/www.grcs.digital\/wp-content\/uploads\/2022\/06\/PostesYealink.png?resize=1024%2C795&#038;ssl=1\" alt=\"\" class=\"wp-image-507\" srcset=\"https:\/\/i0.wp.com\/www.grcs.digital\/wp-content\/uploads\/2022\/06\/PostesYealink.png?resize=1024%2C795&amp;ssl=1 1024w, https:\/\/i0.wp.com\/www.grcs.digital\/wp-content\/uploads\/2022\/06\/PostesYealink.png?resize=300%2C233&amp;ssl=1 300w, https:\/\/i0.wp.com\/www.grcs.digital\/wp-content\/uploads\/2022\/06\/PostesYealink.png?resize=768%2C596&amp;ssl=1 768w, https:\/\/i0.wp.com\/www.grcs.digital\/wp-content\/uploads\/2022\/06\/PostesYealink.png?resize=149%2C116&amp;ssl=1 149w, https:\/\/i0.wp.com\/www.grcs.digital\/wp-content\/uploads\/2022\/06\/PostesYealink.png?w=1123&amp;ssl=1 1123w\" sizes=\"auto, (max-width: 1024px) 100vw, 1024px\" \/><\/figure>\n","protected":false},"excerpt":{"rendered":"<p>T\u00e9l\u00e9phones de la s\u00e9rie T5<\/p>\n","protected":false},"author":1,"featured_media":0,"parent":0,"menu_order":0,"comment_status":"closed","ping_status":"closed","template":"","meta":{"jetpack_post_was_ever_published":false,"footnotes":""},"class_list":["post-503","page","type-page","status-publish","hentry"],"yoast_head":"<!-- This site is optimized with the Yoast SEO plugin v25.1 - https:\/\/yoast.com\/wordpress\/plugins\/seo\/ -->\n<title>YEALINK - GRCS<\/title>\n<meta name=\"robots\" content=\"index, follow, max-snippet:-1, max-image-preview:large, max-video-preview:-1\" \/>\n<link rel=\"canonical\" href=\"https:\/\/www.grcs.digital\/index.php\/yealink\/\" \/>\n<meta property=\"og:locale\" content=\"fr_FR\" \/>\n<meta property=\"og:type\" content=\"article\" \/>\n<meta property=\"og:title\" content=\"YEALINK - GRCS\" \/>\n<meta property=\"og:description\" content=\"T\u00e9l\u00e9phones de la s\u00e9rie T5\" \/>\n<meta property=\"og:url\" content=\"https:\/\/www.grcs.digital\/index.php\/yealink\/\" \/>\n<meta property=\"og:site_name\" content=\"GRCS\" \/>\n<meta property=\"article:publisher\" content=\"https:\/\/www.facebook.com\/GRCS-502557076550971\/\" \/>\n<meta property=\"article:modified_time\" content=\"2022-06-13T13:31:19+00:00\" \/>\n<meta property=\"og:image\" content=\"https:\/\/www.grcs.digital\/wp-content\/uploads\/2022\/06\/CasquesBH72.png\" \/>\n<meta name=\"twitter:card\" content=\"summary_large_image\" \/>\n<meta name=\"twitter:label1\" content=\"Dur\u00e9e de lecture estim\u00e9e\" \/>\n\t<meta name=\"twitter:data1\" content=\"1 minute\" \/>\n<script type=\"application\/ld+json\" class=\"yoast-schema-graph\">{\"@context\":\"https:\/\/schema.org\",\"@graph\":[{\"@type\":\"WebPage\",\"@id\":\"https:\/\/www.grcs.digital\/index.php\/yealink\/\",\"url\":\"https:\/\/www.grcs.digital\/index.php\/yealink\/\",\"name\":\"YEALINK - GRCS\",\"isPartOf\":{\"@id\":\"https:\/\/www.grcs.digital\/#website\"},\"primaryImageOfPage\":{\"@id\":\"https:\/\/www.grcs.digital\/index.php\/yealink\/#primaryimage\"},\"image\":{\"@id\":\"https:\/\/www.grcs.digital\/index.php\/yealink\/#primaryimage\"},\"thumbnailUrl\":\"https:\/\/www.grcs.digital\/wp-content\/uploads\/2022\/06\/CasquesBH72.png\",\"datePublished\":\"2022-06-13T13:17:00+00:00\",\"dateModified\":\"2022-06-13T13:31:19+00:00\",\"breadcrumb\":{\"@id\":\"https:\/\/www.grcs.digital\/index.php\/yealink\/#breadcrumb\"},\"inLanguage\":\"fr-FR\",\"potentialAction\":[{\"@type\":\"ReadAction\",\"target\":[\"https:\/\/www.grcs.digital\/index.php\/yealink\/\"]}]},{\"@type\":\"ImageObject\",\"inLanguage\":\"fr-FR\",\"@id\":\"https:\/\/www.grcs.digital\/index.php\/yealink\/#primaryimage\",\"url\":\"https:\/\/i0.wp.com\/www.grcs.digital\/wp-content\/uploads\/2022\/06\/CasquesBH72.png?fit=868%2C724&ssl=1\",\"contentUrl\":\"https:\/\/i0.wp.com\/www.grcs.digital\/wp-content\/uploads\/2022\/06\/CasquesBH72.png?fit=868%2C724&ssl=1\",\"width\":868,\"height\":724},{\"@type\":\"BreadcrumbList\",\"@id\":\"https:\/\/www.grcs.digital\/index.php\/yealink\/#breadcrumb\",\"itemListElement\":[{\"@type\":\"ListItem\",\"position\":1,\"name\":\"Accueil\",\"item\":\"https:\/\/www.grcs.digital\/\"},{\"@type\":\"ListItem\",\"position\":2,\"name\":\"YEALINK\"}]},{\"@type\":\"WebSite\",\"@id\":\"https:\/\/www.grcs.digital\/#website\",\"url\":\"https:\/\/www.grcs.digital\/\",\"name\":\"GRCS\",\"description\":\"Nos Services vous accompagnent\",\"publisher\":{\"@id\":\"https:\/\/www.grcs.digital\/#organization\"},\"alternateName\":\"GRCS\",\"potentialAction\":[{\"@type\":\"SearchAction\",\"target\":{\"@type\":\"EntryPoint\",\"urlTemplate\":\"https:\/\/www.grcs.digital\/?s={search_term_string}\"},\"query-input\":{\"@type\":\"PropertyValueSpecification\",\"valueRequired\":true,\"valueName\":\"search_term_string\"}}],\"inLanguage\":\"fr-FR\"},{\"@type\":\"Organization\",\"@id\":\"https:\/\/www.grcs.digital\/#organization\",\"name\":\"GRCS\",\"url\":\"https:\/\/www.grcs.digital\/\",\"logo\":{\"@type\":\"ImageObject\",\"inLanguage\":\"fr-FR\",\"@id\":\"https:\/\/www.grcs.digital\/#\/schema\/logo\/image\/\",\"url\":\"https:\/\/www.grcs.digital\/wp-content\/uploads\/2018\/03\/NewLogoGRCS.bmp\",\"contentUrl\":\"https:\/\/www.grcs.digital\/wp-content\/uploads\/2018\/03\/NewLogoGRCS.bmp\",\"width\":683,\"height\":290,\"caption\":\"GRCS\"},\"image\":{\"@id\":\"https:\/\/www.grcs.digital\/#\/schema\/logo\/image\/\"},\"sameAs\":[\"https:\/\/www.facebook.com\/GRCS-502557076550971\/\"]}]}<\/script>\n<!-- \/ Yoast SEO plugin. -->","yoast_head_json":{"title":"YEALINK - GRCS","robots":{"index":"index","follow":"follow","max-snippet":"max-snippet:-1","max-image-preview":"max-image-preview:large","max-video-preview":"max-video-preview:-1"},"canonical":"https:\/\/www.grcs.digital\/index.php\/yealink\/","og_locale":"fr_FR","og_type":"article","og_title":"YEALINK - GRCS","og_description":"T\u00e9l\u00e9phones de la s\u00e9rie T5","og_url":"https:\/\/www.grcs.digital\/index.php\/yealink\/","og_site_name":"GRCS","article_publisher":"https:\/\/www.facebook.com\/GRCS-502557076550971\/","article_modified_time":"2022-06-13T13:31:19+00:00","og_image":[{"url":"https:\/\/www.grcs.digital\/wp-content\/uploads\/2022\/06\/CasquesBH72.png","type":"","width":"","height":""}],"twitter_card":"summary_large_image","twitter_misc":{"Dur\u00e9e de lecture estim\u00e9e":"1 minute"},"schema":{"@context":"https:\/\/schema.org","@graph":[{"@type":"WebPage","@id":"https:\/\/www.grcs.digital\/index.php\/yealink\/","url":"https:\/\/www.grcs.digital\/index.php\/yealink\/","name":"YEALINK - GRCS","isPartOf":{"@id":"https:\/\/www.grcs.digital\/#website"},"primaryImageOfPage":{"@id":"https:\/\/www.grcs.digital\/index.php\/yealink\/#primaryimage"},"image":{"@id":"https:\/\/www.grcs.digital\/index.php\/yealink\/#primaryimage"},"thumbnailUrl":"https:\/\/www.grcs.digital\/wp-content\/uploads\/2022\/06\/CasquesBH72.png","datePublished":"2022-06-13T13:17:00+00:00","dateModified":"2022-06-13T13:31:19+00:00","breadcrumb":{"@id":"https:\/\/www.grcs.digital\/index.php\/yealink\/#breadcrumb"},"inLanguage":"fr-FR","potentialAction":[{"@type":"ReadAction","target":["https:\/\/www.grcs.digital\/index.php\/yealink\/"]}]},{"@type":"ImageObject","inLanguage":"fr-FR","@id":"https:\/\/www.grcs.digital\/index.php\/yealink\/#primaryimage","url":"https:\/\/i0.wp.com\/www.grcs.digital\/wp-content\/uploads\/2022\/06\/CasquesBH72.png?fit=868%2C724&ssl=1","contentUrl":"https:\/\/i0.wp.com\/www.grcs.digital\/wp-content\/uploads\/2022\/06\/CasquesBH72.png?fit=868%2C724&ssl=1","width":868,"height":724},{"@type":"BreadcrumbList","@id":"https:\/\/www.grcs.digital\/index.php\/yealink\/#breadcrumb","itemListElement":[{"@type":"ListItem","position":1,"name":"Accueil","item":"https:\/\/www.grcs.digital\/"},{"@type":"ListItem","position":2,"name":"YEALINK"}]},{"@type":"WebSite","@id":"https:\/\/www.grcs.digital\/#website","url":"https:\/\/www.grcs.digital\/","name":"GRCS","description":"Nos Services vous accompagnent","publisher":{"@id":"https:\/\/www.grcs.digital\/#organization"},"alternateName":"GRCS","potentialAction":[{"@type":"SearchAction","target":{"@type":"EntryPoint","urlTemplate":"https:\/\/www.grcs.digital\/?s={search_term_string}"},"query-input":{"@type":"PropertyValueSpecification","valueRequired":true,"valueName":"search_term_string"}}],"inLanguage":"fr-FR"},{"@type":"Organization","@id":"https:\/\/www.grcs.digital\/#organization","name":"GRCS","url":"https:\/\/www.grcs.digital\/","logo":{"@type":"ImageObject","inLanguage":"fr-FR","@id":"https:\/\/www.grcs.digital\/#\/schema\/logo\/image\/","url":"https:\/\/www.grcs.digital\/wp-content\/uploads\/2018\/03\/NewLogoGRCS.bmp","contentUrl":"https:\/\/www.grcs.digital\/wp-content\/uploads\/2018\/03\/NewLogoGRCS.bmp","width":683,"height":290,"caption":"GRCS"},"image":{"@id":"https:\/\/www.grcs.digital\/#\/schema\/logo\/image\/"},"sameAs":["https:\/\/www.facebook.com\/GRCS-502557076550971\/"]}]}},"jetpack_sharing_enabled":true,"jetpack_shortlink":"https:\/\/wp.me\/P9Mg9R-87","jetpack_likes_enabled":true,"jetpack-related-posts":[],"_links":{"self":[{"href":"https:\/\/www.grcs.digital\/index.php\/wp-json\/wp\/v2\/pages\/503","targetHints":{"allow":["GET"]}}],"collection":[{"href":"https:\/\/www.grcs.digital\/index.php\/wp-json\/wp\/v2\/pages"}],"about":[{"href":"https:\/\/www.grcs.digital\/index.php\/wp-json\/wp\/v2\/types\/page"}],"author":[{"embeddable":true,"href":"https:\/\/www.grcs.digital\/index.php\/wp-json\/wp\/v2\/users\/1"}],"replies":[{"embeddable":true,"href":"https:\/\/www.grcs.digital\/index.php\/wp-json\/wp\/v2\/comments?post=503"}],"version-history":[{"count":5,"href":"https:\/\/www.grcs.digital\/index.php\/wp-json\/wp\/v2\/pages\/503\/revisions"}],"predecessor-version":[{"id":512,"href":"https:\/\/www.grcs.digital\/index.php\/wp-json\/wp\/v2\/pages\/503\/revisions\/512"}],"wp:attachment":[{"href":"https:\/\/www.grcs.digital\/index.php\/wp-json\/wp\/v2\/media?parent=503"}],"curies":[{"name":"wp","href":"https:\/\/api.w.org\/{rel}","templated":true}]}}