{"id":60,"date":"2018-03-27T15:57:31","date_gmt":"2018-03-27T13:57:31","guid":{"rendered":"http:\/\/grcs.digital\/?page_id=60"},"modified":"2019-03-01T16:03:15","modified_gmt":"2019-03-01T15:03:15","slug":"informatique-marseille","status":"publish","type":"page","link":"https:\/\/www.grcs.digital\/index.php\/informatique-marseille\/","title":{"rendered":"INFORMATIQUE"},"content":{"rendered":"<p><strong><img data-recalc-dims=\"1\" loading=\"lazy\" decoding=\"async\" data-attachment-id=\"111\" data-permalink=\"https:\/\/www.grcs.digital\/index.php\/informatique-marseille\/800px-wikimedia_foundation_servers-8055_14\/\" data-orig-file=\"https:\/\/i0.wp.com\/www.grcs.digital\/wp-content\/uploads\/2018\/04\/800px-Wikimedia_Foundation_Servers-8055_14.jpg?fit=800%2C533&amp;ssl=1\" data-orig-size=\"800,533\" data-comments-opened=\"1\" data-image-meta=\"{&quot;aperture&quot;:&quot;0&quot;,&quot;credit&quot;:&quot;&quot;,&quot;camera&quot;:&quot;&quot;,&quot;caption&quot;:&quot;&quot;,&quot;created_timestamp&quot;:&quot;0&quot;,&quot;copyright&quot;:&quot;&quot;,&quot;focal_length&quot;:&quot;0&quot;,&quot;iso&quot;:&quot;0&quot;,&quot;shutter_speed&quot;:&quot;0&quot;,&quot;title&quot;:&quot;&quot;,&quot;orientation&quot;:&quot;0&quot;}\" data-image-title=\"800px-Wikimedia_Foundation_Servers-8055_14\" data-image-description=\"\" data-image-caption=\"\" data-medium-file=\"https:\/\/i0.wp.com\/www.grcs.digital\/wp-content\/uploads\/2018\/04\/800px-Wikimedia_Foundation_Servers-8055_14.jpg?fit=300%2C200&amp;ssl=1\" data-large-file=\"https:\/\/i0.wp.com\/www.grcs.digital\/wp-content\/uploads\/2018\/04\/800px-Wikimedia_Foundation_Servers-8055_14.jpg?fit=800%2C533&amp;ssl=1\" class=\" wp-image-111 alignleft\" src=\"https:\/\/i0.wp.com\/grcs.digital\/wp-content\/uploads\/2018\/04\/800px-Wikimedia_Foundation_Servers-8055_14-300x200.jpg?resize=373%2C249\" alt=\"\" width=\"373\" height=\"249\" srcset=\"https:\/\/i0.wp.com\/www.grcs.digital\/wp-content\/uploads\/2018\/04\/800px-Wikimedia_Foundation_Servers-8055_14.jpg?resize=300%2C200&amp;ssl=1 300w, https:\/\/i0.wp.com\/www.grcs.digital\/wp-content\/uploads\/2018\/04\/800px-Wikimedia_Foundation_Servers-8055_14.jpg?resize=768%2C512&amp;ssl=1 768w, https:\/\/i0.wp.com\/www.grcs.digital\/wp-content\/uploads\/2018\/04\/800px-Wikimedia_Foundation_Servers-8055_14.jpg?w=800&amp;ssl=1 800w\" sizes=\"auto, (max-width: 373px) 100vw, 373px\" \/><span style=\"color: #000000;\"><strong>Architecte Num\u00e9rique:<strong> <\/span><\/strong><span style=\"color: #000000;\">GRCS apporte son expertise dans l&#8217;\u00e9laboration de solutions adapt\u00e9es aux TPE et PME .<\/span><\/p>\n<p><span style=\"color: #003300;\"><strong>Audit<\/strong>: Analyser , Dimensionner , Prot\u00e9ger , Structurer. Nos ing\u00e9nieurs vous conseille aux mieux en fonction de vos besoins.<\/span><\/p>\n<p><span style=\"color: #003300;\"><strong>D\u00e9ploiement<\/strong> :\u00a0Que la solution soit locale (On Premise) , Externalis\u00e9e (Cloud) ou Hybride\u00a0une \u00e9quipe de techniciens et ing\u00e9nieurs est a votre disposition pour vous aider \u00e0 r\u00e9aliser vos projets.<\/span><\/p>\n<p><span style=\"color: #003300;\"><strong>Support : <\/strong>Un service support accessible et de proximit\u00e9, veille a la disponibilit\u00e9 de vos syst\u00e8mes.<\/span><\/p>\n<p><span style=\"color: #003300;\">Des \u00e9quipes form\u00e9es et en veille technologique permanente.<\/span><\/p>\n<p><img data-recalc-dims=\"1\" loading=\"lazy\" decoding=\"async\" data-attachment-id=\"140\" data-permalink=\"https:\/\/www.grcs.digital\/index.php\/informatique-marseille\/cropped-logo_telecom_sudparis_svg_\/\" data-orig-file=\"https:\/\/i0.wp.com\/www.grcs.digital\/wp-content\/uploads\/2018\/04\/cropped-Logo_T%C3%A9l%C3%A9com_SudParis_svg_.png?fit=248%2C250&amp;ssl=1\" data-orig-size=\"248,250\" data-comments-opened=\"0\" data-image-meta=\"{&quot;aperture&quot;:&quot;0&quot;,&quot;credit&quot;:&quot;&quot;,&quot;camera&quot;:&quot;&quot;,&quot;caption&quot;:&quot;&quot;,&quot;created_timestamp&quot;:&quot;0&quot;,&quot;copyright&quot;:&quot;&quot;,&quot;focal_length&quot;:&quot;0&quot;,&quot;iso&quot;:&quot;0&quot;,&quot;shutter_speed&quot;:&quot;0&quot;,&quot;title&quot;:&quot;&quot;,&quot;orientation&quot;:&quot;0&quot;}\" data-image-title=\"cropped-Logo_T\u00e9l\u00e9com_SudParis_svg_\" data-image-description=\"\" data-image-caption=\"\" data-medium-file=\"https:\/\/i0.wp.com\/www.grcs.digital\/wp-content\/uploads\/2018\/04\/cropped-Logo_T%C3%A9l%C3%A9com_SudParis_svg_.png?fit=248%2C250&amp;ssl=1\" data-large-file=\"https:\/\/i0.wp.com\/www.grcs.digital\/wp-content\/uploads\/2018\/04\/cropped-Logo_T%C3%A9l%C3%A9com_SudParis_svg_.png?fit=248%2C250&amp;ssl=1\" class=\"alignnone size-thumbnail wp-image-140\" src=\"https:\/\/i0.wp.com\/grcs.digital\/wp-content\/uploads\/2018\/04\/cropped-Logo_T%C3%A9l%C3%A9com_SudParis_svg_-150x150.png?resize=150%2C150\" alt=\"\" width=\"150\" height=\"150\" srcset=\"https:\/\/i0.wp.com\/www.grcs.digital\/wp-content\/uploads\/2018\/04\/cropped-Logo_T%C3%A9l%C3%A9com_SudParis_svg_.png?resize=150%2C150&amp;ssl=1 150w, https:\/\/i0.wp.com\/www.grcs.digital\/wp-content\/uploads\/2018\/04\/cropped-Logo_T%C3%A9l%C3%A9com_SudParis_svg_.png?w=248&amp;ssl=1 248w\" sizes=\"auto, (max-width: 150px) 100vw, 150px\" \/><img data-recalc-dims=\"1\" loading=\"lazy\" decoding=\"async\" data-attachment-id=\"141\" data-permalink=\"https:\/\/www.grcs.digital\/index.php\/informatique-marseille\/microsofts-logo-gets-a-makeover\/\" data-orig-file=\"https:\/\/i0.wp.com\/www.grcs.digital\/wp-content\/uploads\/2018\/04\/microsofts-logo-gets-a-makeover.jpg?fit=1170%2C877&amp;ssl=1\" data-orig-size=\"1170,877\" data-comments-opened=\"0\" data-image-meta=\"{&quot;aperture&quot;:&quot;0&quot;,&quot;credit&quot;:&quot;&quot;,&quot;camera&quot;:&quot;&quot;,&quot;caption&quot;:&quot;&quot;,&quot;created_timestamp&quot;:&quot;0&quot;,&quot;copyright&quot;:&quot;&quot;,&quot;focal_length&quot;:&quot;0&quot;,&quot;iso&quot;:&quot;0&quot;,&quot;shutter_speed&quot;:&quot;0&quot;,&quot;title&quot;:&quot;&quot;,&quot;orientation&quot;:&quot;0&quot;}\" data-image-title=\"microsofts-logo-gets-a-makeover\" data-image-description=\"\" data-image-caption=\"\" data-medium-file=\"https:\/\/i0.wp.com\/www.grcs.digital\/wp-content\/uploads\/2018\/04\/microsofts-logo-gets-a-makeover.jpg?fit=300%2C225&amp;ssl=1\" data-large-file=\"https:\/\/i0.wp.com\/www.grcs.digital\/wp-content\/uploads\/2018\/04\/microsofts-logo-gets-a-makeover.jpg?fit=1024%2C768&amp;ssl=1\" class=\"alignnone size-medium wp-image-141\" src=\"https:\/\/i0.wp.com\/grcs.digital\/wp-content\/uploads\/2018\/04\/microsofts-logo-gets-a-makeover-300x225.jpg?resize=300%2C225\" alt=\"\" width=\"300\" height=\"225\" srcset=\"https:\/\/i0.wp.com\/www.grcs.digital\/wp-content\/uploads\/2018\/04\/microsofts-logo-gets-a-makeover.jpg?resize=300%2C225&amp;ssl=1 300w, https:\/\/i0.wp.com\/www.grcs.digital\/wp-content\/uploads\/2018\/04\/microsofts-logo-gets-a-makeover.jpg?resize=768%2C576&amp;ssl=1 768w, https:\/\/i0.wp.com\/www.grcs.digital\/wp-content\/uploads\/2018\/04\/microsofts-logo-gets-a-makeover.jpg?resize=1024%2C768&amp;ssl=1 1024w, https:\/\/i0.wp.com\/www.grcs.digital\/wp-content\/uploads\/2018\/04\/microsofts-logo-gets-a-makeover.jpg?w=1170&amp;ssl=1 1170w\" sizes=\"auto, (max-width: 300px) 100vw, 300px\" \/><\/p>\n","protected":false},"excerpt":{"rendered":"<p>Architecte Num\u00e9rique: GRCS apporte son expertise dans l&#8217;\u00e9laboration de solutions adapt\u00e9es aux TPE et PME . Audit: Analyser , Dimensionner , Prot\u00e9ger , Structurer. Nos ing\u00e9nieurs vous conseille aux mieux en fonction de vos besoins. D\u00e9ploiement :\u00a0Que la solution soit locale (On Premise) , Externalis\u00e9e (Cloud) ou Hybride\u00a0une \u00e9quipe de techniciens et ing\u00e9nieurs est a<\/p>\n<div><a class=\"btn-filled btn\" href=\"https:\/\/www.grcs.digital\/index.php\/informatique-marseille\/\" title=\"INFORMATIQUE\">Lire la suite<\/a><\/div>\n","protected":false},"author":1,"featured_media":0,"parent":0,"menu_order":0,"comment_status":"closed","ping_status":"closed","template":"","meta":{"jetpack_post_was_ever_published":false,"footnotes":""},"class_list":["post-60","page","type-page","status-publish","hentry"],"yoast_head":"<!-- This site is optimized with the Yoast SEO plugin v25.1 - https:\/\/yoast.com\/wordpress\/plugins\/seo\/ -->\n<title>INFORMATIQUE - GRCS<\/title>\n<meta name=\"description\" content=\"Installateur t\u00e9l\u00e9com informatique Marseille PACA Microsoft 365, serveur .Entreprise de proximit\u00e9 certifi\u00e9 par les grands acteurs des IT.\" \/>\n<meta name=\"robots\" content=\"index, follow, max-snippet:-1, max-image-preview:large, max-video-preview:-1\" \/>\n<link rel=\"canonical\" href=\"https:\/\/www.grcs.digital\/index.php\/informatique-marseille\/\" \/>\n<meta property=\"og:locale\" content=\"fr_FR\" \/>\n<meta property=\"og:type\" content=\"article\" \/>\n<meta property=\"og:title\" content=\"INFORMATIQUE - GRCS\" \/>\n<meta property=\"og:description\" content=\"Installateur t\u00e9l\u00e9com informatique Marseille PACA Microsoft 365, serveur .Entreprise de proximit\u00e9 certifi\u00e9 par les grands acteurs des IT.\" \/>\n<meta property=\"og:url\" content=\"https:\/\/www.grcs.digital\/index.php\/informatique-marseille\/\" \/>\n<meta property=\"og:site_name\" content=\"GRCS\" \/>\n<meta property=\"article:publisher\" content=\"https:\/\/www.facebook.com\/GRCS-502557076550971\/\" \/>\n<meta property=\"article:modified_time\" content=\"2019-03-01T15:03:15+00:00\" \/>\n<meta property=\"og:image\" content=\"http:\/\/grcs.digital\/wp-content\/uploads\/2018\/04\/800px-Wikimedia_Foundation_Servers-8055_14-300x200.jpg\" \/>\n<meta name=\"twitter:card\" content=\"summary_large_image\" \/>\n<script type=\"application\/ld+json\" class=\"yoast-schema-graph\">{\"@context\":\"https:\/\/schema.org\",\"@graph\":[{\"@type\":\"WebPage\",\"@id\":\"https:\/\/www.grcs.digital\/index.php\/informatique-marseille\/\",\"url\":\"https:\/\/www.grcs.digital\/index.php\/informatique-marseille\/\",\"name\":\"INFORMATIQUE - GRCS\",\"isPartOf\":{\"@id\":\"https:\/\/www.grcs.digital\/#website\"},\"primaryImageOfPage\":{\"@id\":\"https:\/\/www.grcs.digital\/index.php\/informatique-marseille\/#primaryimage\"},\"image\":{\"@id\":\"https:\/\/www.grcs.digital\/index.php\/informatique-marseille\/#primaryimage\"},\"thumbnailUrl\":\"http:\/\/grcs.digital\/wp-content\/uploads\/2018\/04\/800px-Wikimedia_Foundation_Servers-8055_14-300x200.jpg\",\"datePublished\":\"2018-03-27T13:57:31+00:00\",\"dateModified\":\"2019-03-01T15:03:15+00:00\",\"description\":\"Installateur t\u00e9l\u00e9com informatique Marseille PACA Microsoft 365, serveur .Entreprise de proximit\u00e9 certifi\u00e9 par les grands acteurs des IT.\",\"breadcrumb\":{\"@id\":\"https:\/\/www.grcs.digital\/index.php\/informatique-marseille\/#breadcrumb\"},\"inLanguage\":\"fr-FR\",\"potentialAction\":[{\"@type\":\"ReadAction\",\"target\":[\"https:\/\/www.grcs.digital\/index.php\/informatique-marseille\/\"]}]},{\"@type\":\"ImageObject\",\"inLanguage\":\"fr-FR\",\"@id\":\"https:\/\/www.grcs.digital\/index.php\/informatique-marseille\/#primaryimage\",\"url\":\"http:\/\/grcs.digital\/wp-content\/uploads\/2018\/04\/800px-Wikimedia_Foundation_Servers-8055_14-300x200.jpg\",\"contentUrl\":\"http:\/\/grcs.digital\/wp-content\/uploads\/2018\/04\/800px-Wikimedia_Foundation_Servers-8055_14-300x200.jpg\"},{\"@type\":\"BreadcrumbList\",\"@id\":\"https:\/\/www.grcs.digital\/index.php\/informatique-marseille\/#breadcrumb\",\"itemListElement\":[{\"@type\":\"ListItem\",\"position\":1,\"name\":\"Accueil\",\"item\":\"https:\/\/www.grcs.digital\/\"},{\"@type\":\"ListItem\",\"position\":2,\"name\":\"INFORMATIQUE\"}]},{\"@type\":\"WebSite\",\"@id\":\"https:\/\/www.grcs.digital\/#website\",\"url\":\"https:\/\/www.grcs.digital\/\",\"name\":\"GRCS\",\"description\":\"Nos Services vous accompagnent\",\"publisher\":{\"@id\":\"https:\/\/www.grcs.digital\/#organization\"},\"alternateName\":\"GRCS\",\"potentialAction\":[{\"@type\":\"SearchAction\",\"target\":{\"@type\":\"EntryPoint\",\"urlTemplate\":\"https:\/\/www.grcs.digital\/?s={search_term_string}\"},\"query-input\":{\"@type\":\"PropertyValueSpecification\",\"valueRequired\":true,\"valueName\":\"search_term_string\"}}],\"inLanguage\":\"fr-FR\"},{\"@type\":\"Organization\",\"@id\":\"https:\/\/www.grcs.digital\/#organization\",\"name\":\"GRCS\",\"url\":\"https:\/\/www.grcs.digital\/\",\"logo\":{\"@type\":\"ImageObject\",\"inLanguage\":\"fr-FR\",\"@id\":\"https:\/\/www.grcs.digital\/#\/schema\/logo\/image\/\",\"url\":\"https:\/\/www.grcs.digital\/wp-content\/uploads\/2018\/03\/NewLogoGRCS.bmp\",\"contentUrl\":\"https:\/\/www.grcs.digital\/wp-content\/uploads\/2018\/03\/NewLogoGRCS.bmp\",\"width\":683,\"height\":290,\"caption\":\"GRCS\"},\"image\":{\"@id\":\"https:\/\/www.grcs.digital\/#\/schema\/logo\/image\/\"},\"sameAs\":[\"https:\/\/www.facebook.com\/GRCS-502557076550971\/\"]}]}<\/script>\n<!-- \/ Yoast SEO plugin. -->","yoast_head_json":{"title":"INFORMATIQUE - GRCS","description":"Installateur t\u00e9l\u00e9com informatique Marseille PACA Microsoft 365, serveur .Entreprise de proximit\u00e9 certifi\u00e9 par les grands acteurs des IT.","robots":{"index":"index","follow":"follow","max-snippet":"max-snippet:-1","max-image-preview":"max-image-preview:large","max-video-preview":"max-video-preview:-1"},"canonical":"https:\/\/www.grcs.digital\/index.php\/informatique-marseille\/","og_locale":"fr_FR","og_type":"article","og_title":"INFORMATIQUE - GRCS","og_description":"Installateur t\u00e9l\u00e9com informatique Marseille PACA Microsoft 365, serveur .Entreprise de proximit\u00e9 certifi\u00e9 par les grands acteurs des IT.","og_url":"https:\/\/www.grcs.digital\/index.php\/informatique-marseille\/","og_site_name":"GRCS","article_publisher":"https:\/\/www.facebook.com\/GRCS-502557076550971\/","article_modified_time":"2019-03-01T15:03:15+00:00","og_image":[{"url":"http:\/\/grcs.digital\/wp-content\/uploads\/2018\/04\/800px-Wikimedia_Foundation_Servers-8055_14-300x200.jpg","type":"","width":"","height":""}],"twitter_card":"summary_large_image","schema":{"@context":"https:\/\/schema.org","@graph":[{"@type":"WebPage","@id":"https:\/\/www.grcs.digital\/index.php\/informatique-marseille\/","url":"https:\/\/www.grcs.digital\/index.php\/informatique-marseille\/","name":"INFORMATIQUE - GRCS","isPartOf":{"@id":"https:\/\/www.grcs.digital\/#website"},"primaryImageOfPage":{"@id":"https:\/\/www.grcs.digital\/index.php\/informatique-marseille\/#primaryimage"},"image":{"@id":"https:\/\/www.grcs.digital\/index.php\/informatique-marseille\/#primaryimage"},"thumbnailUrl":"http:\/\/grcs.digital\/wp-content\/uploads\/2018\/04\/800px-Wikimedia_Foundation_Servers-8055_14-300x200.jpg","datePublished":"2018-03-27T13:57:31+00:00","dateModified":"2019-03-01T15:03:15+00:00","description":"Installateur t\u00e9l\u00e9com informatique Marseille PACA Microsoft 365, serveur .Entreprise de proximit\u00e9 certifi\u00e9 par les grands acteurs des IT.","breadcrumb":{"@id":"https:\/\/www.grcs.digital\/index.php\/informatique-marseille\/#breadcrumb"},"inLanguage":"fr-FR","potentialAction":[{"@type":"ReadAction","target":["https:\/\/www.grcs.digital\/index.php\/informatique-marseille\/"]}]},{"@type":"ImageObject","inLanguage":"fr-FR","@id":"https:\/\/www.grcs.digital\/index.php\/informatique-marseille\/#primaryimage","url":"http:\/\/grcs.digital\/wp-content\/uploads\/2018\/04\/800px-Wikimedia_Foundation_Servers-8055_14-300x200.jpg","contentUrl":"http:\/\/grcs.digital\/wp-content\/uploads\/2018\/04\/800px-Wikimedia_Foundation_Servers-8055_14-300x200.jpg"},{"@type":"BreadcrumbList","@id":"https:\/\/www.grcs.digital\/index.php\/informatique-marseille\/#breadcrumb","itemListElement":[{"@type":"ListItem","position":1,"name":"Accueil","item":"https:\/\/www.grcs.digital\/"},{"@type":"ListItem","position":2,"name":"INFORMATIQUE"}]},{"@type":"WebSite","@id":"https:\/\/www.grcs.digital\/#website","url":"https:\/\/www.grcs.digital\/","name":"GRCS","description":"Nos Services vous accompagnent","publisher":{"@id":"https:\/\/www.grcs.digital\/#organization"},"alternateName":"GRCS","potentialAction":[{"@type":"SearchAction","target":{"@type":"EntryPoint","urlTemplate":"https:\/\/www.grcs.digital\/?s={search_term_string}"},"query-input":{"@type":"PropertyValueSpecification","valueRequired":true,"valueName":"search_term_string"}}],"inLanguage":"fr-FR"},{"@type":"Organization","@id":"https:\/\/www.grcs.digital\/#organization","name":"GRCS","url":"https:\/\/www.grcs.digital\/","logo":{"@type":"ImageObject","inLanguage":"fr-FR","@id":"https:\/\/www.grcs.digital\/#\/schema\/logo\/image\/","url":"https:\/\/www.grcs.digital\/wp-content\/uploads\/2018\/03\/NewLogoGRCS.bmp","contentUrl":"https:\/\/www.grcs.digital\/wp-content\/uploads\/2018\/03\/NewLogoGRCS.bmp","width":683,"height":290,"caption":"GRCS"},"image":{"@id":"https:\/\/www.grcs.digital\/#\/schema\/logo\/image\/"},"sameAs":["https:\/\/www.facebook.com\/GRCS-502557076550971\/"]}]}},"jetpack_sharing_enabled":true,"jetpack_shortlink":"https:\/\/wp.me\/P9Mg9R-Y","jetpack_likes_enabled":true,"jetpack-related-posts":[],"_links":{"self":[{"href":"https:\/\/www.grcs.digital\/index.php\/wp-json\/wp\/v2\/pages\/60","targetHints":{"allow":["GET"]}}],"collection":[{"href":"https:\/\/www.grcs.digital\/index.php\/wp-json\/wp\/v2\/pages"}],"about":[{"href":"https:\/\/www.grcs.digital\/index.php\/wp-json\/wp\/v2\/types\/page"}],"author":[{"embeddable":true,"href":"https:\/\/www.grcs.digital\/index.php\/wp-json\/wp\/v2\/users\/1"}],"replies":[{"embeddable":true,"href":"https:\/\/www.grcs.digital\/index.php\/wp-json\/wp\/v2\/comments?post=60"}],"version-history":[{"count":20,"href":"https:\/\/www.grcs.digital\/index.php\/wp-json\/wp\/v2\/pages\/60\/revisions"}],"predecessor-version":[{"id":362,"href":"https:\/\/www.grcs.digital\/index.php\/wp-json\/wp\/v2\/pages\/60\/revisions\/362"}],"wp:attachment":[{"href":"https:\/\/www.grcs.digital\/index.php\/wp-json\/wp\/v2\/media?parent=60"}],"curies":[{"name":"wp","href":"https:\/\/api.w.org\/{rel}","templated":true}]}}