{"id":64,"date":"2018-03-27T16:08:17","date_gmt":"2018-03-27T14:08:17","guid":{"rendered":"http:\/\/grcs.digital\/?page_id=64"},"modified":"2021-06-07T11:13:25","modified_gmt":"2021-06-07T09:13:25","slug":"installateur-telecom","status":"publish","type":"page","link":"https:\/\/www.grcs.digital\/index.php\/installateur-telecom\/","title":{"rendered":"TELECOMMUNICATION"},"content":{"rendered":"<p><img data-recalc-dims=\"1\" loading=\"lazy\" decoding=\"async\" data-attachment-id=\"109\" data-permalink=\"https:\/\/www.grcs.digital\/index.php\/installateur-telecom\/phone_smart_icon_mobile_3d_call_screen_calendar-561514\/\" data-orig-file=\"https:\/\/i0.wp.com\/www.grcs.digital\/wp-content\/uploads\/2018\/04\/phone_smart_icon_mobile_3d_call_screen_calendar-561514.jpg?fit=1200%2C900&amp;ssl=1\" data-orig-size=\"1200,900\" data-comments-opened=\"1\" data-image-meta=\"{&quot;aperture&quot;:&quot;0&quot;,&quot;credit&quot;:&quot;&quot;,&quot;camera&quot;:&quot;&quot;,&quot;caption&quot;:&quot;&quot;,&quot;created_timestamp&quot;:&quot;0&quot;,&quot;copyright&quot;:&quot;&quot;,&quot;focal_length&quot;:&quot;0&quot;,&quot;iso&quot;:&quot;0&quot;,&quot;shutter_speed&quot;:&quot;0&quot;,&quot;title&quot;:&quot;&quot;,&quot;orientation&quot;:&quot;0&quot;}\" data-image-title=\"phone_smart_icon_mobile_3d_call_screen_calendar-561514\" data-image-description=\"\" data-image-caption=\"\" data-medium-file=\"https:\/\/i0.wp.com\/www.grcs.digital\/wp-content\/uploads\/2018\/04\/phone_smart_icon_mobile_3d_call_screen_calendar-561514.jpg?fit=300%2C225&amp;ssl=1\" data-large-file=\"https:\/\/i0.wp.com\/www.grcs.digital\/wp-content\/uploads\/2018\/04\/phone_smart_icon_mobile_3d_call_screen_calendar-561514.jpg?fit=1024%2C768&amp;ssl=1\" class=\"size-medium wp-image-109 alignleft\" src=\"https:\/\/i0.wp.com\/grcs.digital\/wp-content\/uploads\/2018\/04\/phone_smart_icon_mobile_3d_call_screen_calendar-561514-300x225.jpg?resize=300%2C225\" alt=\"\" width=\"300\" height=\"225\" srcset=\"https:\/\/i0.wp.com\/www.grcs.digital\/wp-content\/uploads\/2018\/04\/phone_smart_icon_mobile_3d_call_screen_calendar-561514.jpg?resize=300%2C225&amp;ssl=1 300w, https:\/\/i0.wp.com\/www.grcs.digital\/wp-content\/uploads\/2018\/04\/phone_smart_icon_mobile_3d_call_screen_calendar-561514.jpg?resize=768%2C576&amp;ssl=1 768w, https:\/\/i0.wp.com\/www.grcs.digital\/wp-content\/uploads\/2018\/04\/phone_smart_icon_mobile_3d_call_screen_calendar-561514.jpg?resize=1024%2C768&amp;ssl=1 1024w, https:\/\/i0.wp.com\/www.grcs.digital\/wp-content\/uploads\/2018\/04\/phone_smart_icon_mobile_3d_call_screen_calendar-561514.jpg?w=1200&amp;ssl=1 1200w\" sizes=\"auto, (max-width: 300px) 100vw, 300px\" \/><span style=\"color: #000000;\"><strong>Etude<\/strong>: Les \u00e9volutions des technologies t\u00e9l\u00e9com ayant fortement \u00e9volu\u00e9es ces derni\u00e8res ann\u00e9es. Nos ing\u00e9nieurs repensent les syst\u00e8mes de communication.<\/span><\/p>\n<p><span style=\"color: #000000;\"><strong>VoIP<\/strong> , Les communications Unifi\u00e9s, les centres d&#8217;appels autant de technologies qui sont \u00e0 la port\u00e9e des TPE.<\/span><\/p>\n<p><span style=\"color: #000000;\"><strong>Abonnement: <\/strong>Fort de son exp\u00e9rience dans le d\u00e9ploiement de syst\u00e8mes t\u00e9l\u00e9phoniques ,il s&#8217;imposait \u00e0 GRCS de proposer une solution globale . En 2012\u00a0GRCS est devenue\u00a0 op\u00e9rateur avec la possibilit\u00e9 de proposer un service de bout en bout.<\/span><\/p>\n<p><span style=\"color: #000000;\"><strong>Nos liens<\/strong>\u00a0 Sip Trunk, Passerelle TDM s&#8217;appuient sur\u00a0une\u00a0 infrastructure robustes tout en proposant des taris\u00a0comp\u00e9titifs.<\/span><\/p>\n<p><span style=\"color: #000000;\"><strong>Equipements:<\/strong>\u00a0Nos techniciens et ing\u00e9nieurs son form\u00e9s et certifi\u00e9s par des acteurs majeurs. Alcatel , Unify , 3CX ,Yealink,Microsoft&#8230;<\/span><\/p>\n<p><span style=\"color: #000000;\"><strong>Support<\/strong>: Un service support accessible et de proximit\u00e9, veille \u00e0 la disponibilit\u00e9 de vos syst\u00e8mes.<\/span><\/p>\n<p><a href=\"https:\/\/www.3cx.fr\/\" target=\"_blank\" rel=\"noopener\"><img data-recalc-dims=\"1\" loading=\"lazy\" decoding=\"async\" data-attachment-id=\"148\" data-permalink=\"https:\/\/www.grcs.digital\/index.php\/installateur-telecom\/3ccx\/\" data-orig-file=\"https:\/\/i0.wp.com\/www.grcs.digital\/wp-content\/uploads\/2018\/04\/3ccx.png?fit=290%2C174&amp;ssl=1\" data-orig-size=\"290,174\" data-comments-opened=\"0\" data-image-meta=\"{&quot;aperture&quot;:&quot;0&quot;,&quot;credit&quot;:&quot;&quot;,&quot;camera&quot;:&quot;&quot;,&quot;caption&quot;:&quot;&quot;,&quot;created_timestamp&quot;:&quot;0&quot;,&quot;copyright&quot;:&quot;&quot;,&quot;focal_length&quot;:&quot;0&quot;,&quot;iso&quot;:&quot;0&quot;,&quot;shutter_speed&quot;:&quot;0&quot;,&quot;title&quot;:&quot;&quot;,&quot;orientation&quot;:&quot;0&quot;}\" data-image-title=\"3ccx\" data-image-description=\"\" data-image-caption=\"\" data-medium-file=\"https:\/\/i0.wp.com\/www.grcs.digital\/wp-content\/uploads\/2018\/04\/3ccx.png?fit=290%2C174&amp;ssl=1\" data-large-file=\"https:\/\/i0.wp.com\/www.grcs.digital\/wp-content\/uploads\/2018\/04\/3ccx.png?fit=290%2C174&amp;ssl=1\" class=\"alignnone wp-image-148 size-full\" src=\"https:\/\/i0.wp.com\/www.grcs.digital\/wp-content\/uploads\/2018\/04\/3ccx.png?resize=290%2C174&#038;ssl=1\" alt=\"\" width=\"290\" height=\"174\" \/><\/a> <img data-recalc-dims=\"1\" loading=\"lazy\" decoding=\"async\" data-attachment-id=\"149\" data-permalink=\"https:\/\/www.grcs.digital\/index.php\/installateur-telecom\/logo_alcatel-lucent\/\" data-orig-file=\"https:\/\/i0.wp.com\/www.grcs.digital\/wp-content\/uploads\/2018\/04\/Logo_Alcatel-Lucent.jpg?fit=1056%2C368&amp;ssl=1\" data-orig-size=\"1056,368\" data-comments-opened=\"0\" data-image-meta=\"{&quot;aperture&quot;:&quot;0&quot;,&quot;credit&quot;:&quot;&quot;,&quot;camera&quot;:&quot;&quot;,&quot;caption&quot;:&quot;&quot;,&quot;created_timestamp&quot;:&quot;0&quot;,&quot;copyright&quot;:&quot;&quot;,&quot;focal_length&quot;:&quot;0&quot;,&quot;iso&quot;:&quot;0&quot;,&quot;shutter_speed&quot;:&quot;0&quot;,&quot;title&quot;:&quot;&quot;,&quot;orientation&quot;:&quot;0&quot;}\" data-image-title=\"Logo_Alcatel-Lucent\" data-image-description=\"\" data-image-caption=\"\" data-medium-file=\"https:\/\/i0.wp.com\/www.grcs.digital\/wp-content\/uploads\/2018\/04\/Logo_Alcatel-Lucent.jpg?fit=300%2C105&amp;ssl=1\" data-large-file=\"https:\/\/i0.wp.com\/www.grcs.digital\/wp-content\/uploads\/2018\/04\/Logo_Alcatel-Lucent.jpg?fit=1024%2C357&amp;ssl=1\" class=\"alignnone size-medium wp-image-149\" src=\"https:\/\/i0.wp.com\/grcs.digital\/wp-content\/uploads\/2018\/04\/Logo_Alcatel-Lucent-300x105.jpg?resize=300%2C105\" alt=\"\" width=\"300\" height=\"105\" srcset=\"https:\/\/i0.wp.com\/www.grcs.digital\/wp-content\/uploads\/2018\/04\/Logo_Alcatel-Lucent.jpg?resize=300%2C105&amp;ssl=1 300w, https:\/\/i0.wp.com\/www.grcs.digital\/wp-content\/uploads\/2018\/04\/Logo_Alcatel-Lucent.jpg?resize=768%2C268&amp;ssl=1 768w, https:\/\/i0.wp.com\/www.grcs.digital\/wp-content\/uploads\/2018\/04\/Logo_Alcatel-Lucent.jpg?resize=1024%2C357&amp;ssl=1 1024w, https:\/\/i0.wp.com\/www.grcs.digital\/wp-content\/uploads\/2018\/04\/Logo_Alcatel-Lucent.jpg?w=1056&amp;ssl=1 1056w\" sizes=\"auto, (max-width: 300px) 100vw, 300px\" \/> <img data-recalc-dims=\"1\" loading=\"lazy\" decoding=\"async\" data-attachment-id=\"150\" data-permalink=\"https:\/\/www.grcs.digital\/index.php\/installateur-telecom\/unify\/\" data-orig-file=\"https:\/\/i0.wp.com\/www.grcs.digital\/wp-content\/uploads\/2018\/04\/Unify.jpg?fit=400%2C400&amp;ssl=1\" data-orig-size=\"400,400\" data-comments-opened=\"0\" data-image-meta=\"{&quot;aperture&quot;:&quot;0&quot;,&quot;credit&quot;:&quot;&quot;,&quot;camera&quot;:&quot;&quot;,&quot;caption&quot;:&quot;&quot;,&quot;created_timestamp&quot;:&quot;0&quot;,&quot;copyright&quot;:&quot;&quot;,&quot;focal_length&quot;:&quot;0&quot;,&quot;iso&quot;:&quot;0&quot;,&quot;shutter_speed&quot;:&quot;0&quot;,&quot;title&quot;:&quot;&quot;,&quot;orientation&quot;:&quot;0&quot;}\" data-image-title=\"Unify\" data-image-description=\"\" data-image-caption=\"\" data-medium-file=\"https:\/\/i0.wp.com\/www.grcs.digital\/wp-content\/uploads\/2018\/04\/Unify.jpg?fit=300%2C300&amp;ssl=1\" data-large-file=\"https:\/\/i0.wp.com\/www.grcs.digital\/wp-content\/uploads\/2018\/04\/Unify.jpg?fit=400%2C400&amp;ssl=1\" class=\"alignnone size-medium wp-image-150\" src=\"https:\/\/i0.wp.com\/grcs.digital\/wp-content\/uploads\/2018\/04\/Unify-300x300.jpg?resize=300%2C300\" alt=\"\" width=\"300\" height=\"300\" srcset=\"https:\/\/i0.wp.com\/www.grcs.digital\/wp-content\/uploads\/2018\/04\/Unify.jpg?resize=300%2C300&amp;ssl=1 300w, https:\/\/i0.wp.com\/www.grcs.digital\/wp-content\/uploads\/2018\/04\/Unify.jpg?resize=150%2C150&amp;ssl=1 150w, https:\/\/i0.wp.com\/www.grcs.digital\/wp-content\/uploads\/2018\/04\/Unify.jpg?w=400&amp;ssl=1 400w\" sizes=\"auto, (max-width: 300px) 100vw, 300px\" \/> <img data-recalc-dims=\"1\" loading=\"lazy\" decoding=\"async\" data-attachment-id=\"151\" data-permalink=\"https:\/\/www.grcs.digital\/index.php\/installateur-telecom\/logo_lync_skype_entreprise\/\" data-orig-file=\"https:\/\/i0.wp.com\/www.grcs.digital\/wp-content\/uploads\/2018\/04\/logo_lync_skype_entreprise.png?fit=290%2C145&amp;ssl=1\" data-orig-size=\"290,145\" data-comments-opened=\"0\" data-image-meta=\"{&quot;aperture&quot;:&quot;0&quot;,&quot;credit&quot;:&quot;&quot;,&quot;camera&quot;:&quot;&quot;,&quot;caption&quot;:&quot;&quot;,&quot;created_timestamp&quot;:&quot;0&quot;,&quot;copyright&quot;:&quot;&quot;,&quot;focal_length&quot;:&quot;0&quot;,&quot;iso&quot;:&quot;0&quot;,&quot;shutter_speed&quot;:&quot;0&quot;,&quot;title&quot;:&quot;&quot;,&quot;orientation&quot;:&quot;0&quot;}\" data-image-title=\"logo_lync_skype_entreprise\" data-image-description=\"\" data-image-caption=\"\" data-medium-file=\"https:\/\/i0.wp.com\/www.grcs.digital\/wp-content\/uploads\/2018\/04\/logo_lync_skype_entreprise.png?fit=290%2C145&amp;ssl=1\" data-large-file=\"https:\/\/i0.wp.com\/www.grcs.digital\/wp-content\/uploads\/2018\/04\/logo_lync_skype_entreprise.png?fit=290%2C145&amp;ssl=1\" class=\"alignnone size-medium wp-image-151\" src=\"https:\/\/i0.wp.com\/grcs.digital\/wp-content\/uploads\/2018\/04\/logo_lync_skype_entreprise.png?resize=290%2C145\" alt=\"\" width=\"290\" height=\"145\" \/> <img data-recalc-dims=\"1\" loading=\"lazy\" decoding=\"async\" data-attachment-id=\"152\" data-permalink=\"https:\/\/www.grcs.digital\/index.php\/installateur-telecom\/yealink-logo\/\" data-orig-file=\"https:\/\/i0.wp.com\/www.grcs.digital\/wp-content\/uploads\/2018\/04\/yealink-logo.png?fit=680%2C191&amp;ssl=1\" data-orig-size=\"680,191\" data-comments-opened=\"0\" data-image-meta=\"{&quot;aperture&quot;:&quot;0&quot;,&quot;credit&quot;:&quot;&quot;,&quot;camera&quot;:&quot;&quot;,&quot;caption&quot;:&quot;&quot;,&quot;created_timestamp&quot;:&quot;0&quot;,&quot;copyright&quot;:&quot;&quot;,&quot;focal_length&quot;:&quot;0&quot;,&quot;iso&quot;:&quot;0&quot;,&quot;shutter_speed&quot;:&quot;0&quot;,&quot;title&quot;:&quot;&quot;,&quot;orientation&quot;:&quot;0&quot;}\" data-image-title=\"yealink-logo\" data-image-description=\"\" data-image-caption=\"\" data-medium-file=\"https:\/\/i0.wp.com\/www.grcs.digital\/wp-content\/uploads\/2018\/04\/yealink-logo.png?fit=300%2C84&amp;ssl=1\" data-large-file=\"https:\/\/i0.wp.com\/www.grcs.digital\/wp-content\/uploads\/2018\/04\/yealink-logo.png?fit=680%2C191&amp;ssl=1\" class=\"alignnone size-medium wp-image-152\" src=\"https:\/\/i0.wp.com\/grcs.digital\/wp-content\/uploads\/2018\/04\/yealink-logo-300x84.png?resize=300%2C84\" alt=\"\" width=\"300\" height=\"84\" srcset=\"https:\/\/i0.wp.com\/www.grcs.digital\/wp-content\/uploads\/2018\/04\/yealink-logo.png?resize=300%2C84&amp;ssl=1 300w, https:\/\/i0.wp.com\/www.grcs.digital\/wp-content\/uploads\/2018\/04\/yealink-logo.png?w=680&amp;ssl=1 680w\" sizes=\"auto, (max-width: 300px) 100vw, 300px\" \/><\/p>\n","protected":false},"excerpt":{"rendered":"<p>Etude: Les \u00e9volutions des technologies t\u00e9l\u00e9com ayant fortement \u00e9volu\u00e9es ces derni\u00e8res ann\u00e9es. Nos ing\u00e9nieurs repensent les syst\u00e8mes de communication. VoIP , Les communications Unifi\u00e9s, les centres d&#8217;appels autant de technologies qui sont \u00e0 la port\u00e9e des TPE. Abonnement: Fort de son exp\u00e9rience dans le d\u00e9ploiement de syst\u00e8mes t\u00e9l\u00e9phoniques ,il s&#8217;imposait \u00e0 GRCS de proposer une<\/p>\n<div><a class=\"btn-filled btn\" href=\"https:\/\/www.grcs.digital\/index.php\/installateur-telecom\/\" title=\"TELECOMMUNICATION\">Lire la suite<\/a><\/div>\n","protected":false},"author":1,"featured_media":0,"parent":0,"menu_order":0,"comment_status":"closed","ping_status":"closed","template":"","meta":{"jetpack_post_was_ever_published":false,"footnotes":""},"class_list":["post-64","page","type-page","status-publish","hentry"],"yoast_head":"<!-- This site is optimized with the Yoast SEO plugin v25.1 - https:\/\/yoast.com\/wordpress\/plugins\/seo\/ -->\n<title>TELECOMMUNICATION - GRCS %<\/title>\n<meta name=\"description\" content=\"Installateur t\u00e9l\u00e9com informatique Marseille PACA op\u00e9rateur sip trunk 3cx unify alcatel .Entreprise de proximit\u00e9 certifi\u00e9 par les grands acteurs des IT.\" \/>\n<meta name=\"robots\" content=\"index, follow, max-snippet:-1, max-image-preview:large, max-video-preview:-1\" \/>\n<link rel=\"canonical\" href=\"https:\/\/www.grcs.digital\/index.php\/installateur-telecom\/\" \/>\n<meta property=\"og:locale\" content=\"fr_FR\" \/>\n<meta property=\"og:type\" content=\"article\" \/>\n<meta property=\"og:title\" content=\"TELECOMMUNICATION - GRCS %\" \/>\n<meta property=\"og:description\" content=\"Installateur t\u00e9l\u00e9com informatique Marseille PACA op\u00e9rateur sip trunk 3cx unify alcatel .Entreprise de proximit\u00e9 certifi\u00e9 par les grands acteurs des IT.\" \/>\n<meta property=\"og:url\" content=\"https:\/\/www.grcs.digital\/index.php\/installateur-telecom\/\" \/>\n<meta property=\"og:site_name\" content=\"GRCS\" \/>\n<meta property=\"article:publisher\" content=\"https:\/\/www.facebook.com\/GRCS-502557076550971\/\" \/>\n<meta property=\"article:modified_time\" content=\"2021-06-07T09:13:25+00:00\" \/>\n<meta property=\"og:image\" content=\"http:\/\/grcs.digital\/wp-content\/uploads\/2018\/04\/phone_smart_icon_mobile_3d_call_screen_calendar-561514-300x225.jpg\" \/>\n<meta name=\"twitter:card\" content=\"summary_large_image\" \/>\n<meta name=\"twitter:label1\" content=\"Dur\u00e9e de lecture estim\u00e9e\" \/>\n\t<meta name=\"twitter:data1\" content=\"2 minutes\" \/>\n<script type=\"application\/ld+json\" class=\"yoast-schema-graph\">{\"@context\":\"https:\/\/schema.org\",\"@graph\":[{\"@type\":\"WebPage\",\"@id\":\"https:\/\/www.grcs.digital\/index.php\/installateur-telecom\/\",\"url\":\"https:\/\/www.grcs.digital\/index.php\/installateur-telecom\/\",\"name\":\"TELECOMMUNICATION - GRCS %\",\"isPartOf\":{\"@id\":\"https:\/\/www.grcs.digital\/#website\"},\"primaryImageOfPage\":{\"@id\":\"https:\/\/www.grcs.digital\/index.php\/installateur-telecom\/#primaryimage\"},\"image\":{\"@id\":\"https:\/\/www.grcs.digital\/index.php\/installateur-telecom\/#primaryimage\"},\"thumbnailUrl\":\"http:\/\/grcs.digital\/wp-content\/uploads\/2018\/04\/phone_smart_icon_mobile_3d_call_screen_calendar-561514-300x225.jpg\",\"datePublished\":\"2018-03-27T14:08:17+00:00\",\"dateModified\":\"2021-06-07T09:13:25+00:00\",\"description\":\"Installateur t\u00e9l\u00e9com informatique Marseille PACA op\u00e9rateur sip trunk 3cx unify alcatel .Entreprise de proximit\u00e9 certifi\u00e9 par les grands acteurs des IT.\",\"breadcrumb\":{\"@id\":\"https:\/\/www.grcs.digital\/index.php\/installateur-telecom\/#breadcrumb\"},\"inLanguage\":\"fr-FR\",\"potentialAction\":[{\"@type\":\"ReadAction\",\"target\":[\"https:\/\/www.grcs.digital\/index.php\/installateur-telecom\/\"]}]},{\"@type\":\"ImageObject\",\"inLanguage\":\"fr-FR\",\"@id\":\"https:\/\/www.grcs.digital\/index.php\/installateur-telecom\/#primaryimage\",\"url\":\"http:\/\/grcs.digital\/wp-content\/uploads\/2018\/04\/phone_smart_icon_mobile_3d_call_screen_calendar-561514-300x225.jpg\",\"contentUrl\":\"http:\/\/grcs.digital\/wp-content\/uploads\/2018\/04\/phone_smart_icon_mobile_3d_call_screen_calendar-561514-300x225.jpg\"},{\"@type\":\"BreadcrumbList\",\"@id\":\"https:\/\/www.grcs.digital\/index.php\/installateur-telecom\/#breadcrumb\",\"itemListElement\":[{\"@type\":\"ListItem\",\"position\":1,\"name\":\"Accueil\",\"item\":\"https:\/\/www.grcs.digital\/\"},{\"@type\":\"ListItem\",\"position\":2,\"name\":\"TELECOMMUNICATION\"}]},{\"@type\":\"WebSite\",\"@id\":\"https:\/\/www.grcs.digital\/#website\",\"url\":\"https:\/\/www.grcs.digital\/\",\"name\":\"GRCS\",\"description\":\"Nos Services vous accompagnent\",\"publisher\":{\"@id\":\"https:\/\/www.grcs.digital\/#organization\"},\"alternateName\":\"GRCS\",\"potentialAction\":[{\"@type\":\"SearchAction\",\"target\":{\"@type\":\"EntryPoint\",\"urlTemplate\":\"https:\/\/www.grcs.digital\/?s={search_term_string}\"},\"query-input\":{\"@type\":\"PropertyValueSpecification\",\"valueRequired\":true,\"valueName\":\"search_term_string\"}}],\"inLanguage\":\"fr-FR\"},{\"@type\":\"Organization\",\"@id\":\"https:\/\/www.grcs.digital\/#organization\",\"name\":\"GRCS\",\"url\":\"https:\/\/www.grcs.digital\/\",\"logo\":{\"@type\":\"ImageObject\",\"inLanguage\":\"fr-FR\",\"@id\":\"https:\/\/www.grcs.digital\/#\/schema\/logo\/image\/\",\"url\":\"https:\/\/www.grcs.digital\/wp-content\/uploads\/2018\/03\/NewLogoGRCS.bmp\",\"contentUrl\":\"https:\/\/www.grcs.digital\/wp-content\/uploads\/2018\/03\/NewLogoGRCS.bmp\",\"width\":683,\"height\":290,\"caption\":\"GRCS\"},\"image\":{\"@id\":\"https:\/\/www.grcs.digital\/#\/schema\/logo\/image\/\"},\"sameAs\":[\"https:\/\/www.facebook.com\/GRCS-502557076550971\/\"]}]}<\/script>\n<!-- \/ Yoast SEO plugin. -->","yoast_head_json":{"title":"TELECOMMUNICATION - GRCS %","description":"Installateur t\u00e9l\u00e9com informatique Marseille PACA op\u00e9rateur sip trunk 3cx unify alcatel .Entreprise de proximit\u00e9 certifi\u00e9 par les grands acteurs des IT.","robots":{"index":"index","follow":"follow","max-snippet":"max-snippet:-1","max-image-preview":"max-image-preview:large","max-video-preview":"max-video-preview:-1"},"canonical":"https:\/\/www.grcs.digital\/index.php\/installateur-telecom\/","og_locale":"fr_FR","og_type":"article","og_title":"TELECOMMUNICATION - GRCS %","og_description":"Installateur t\u00e9l\u00e9com informatique Marseille PACA op\u00e9rateur sip trunk 3cx unify alcatel .Entreprise de proximit\u00e9 certifi\u00e9 par les grands acteurs des IT.","og_url":"https:\/\/www.grcs.digital\/index.php\/installateur-telecom\/","og_site_name":"GRCS","article_publisher":"https:\/\/www.facebook.com\/GRCS-502557076550971\/","article_modified_time":"2021-06-07T09:13:25+00:00","og_image":[{"url":"http:\/\/grcs.digital\/wp-content\/uploads\/2018\/04\/phone_smart_icon_mobile_3d_call_screen_calendar-561514-300x225.jpg","type":"","width":"","height":""}],"twitter_card":"summary_large_image","twitter_misc":{"Dur\u00e9e de lecture estim\u00e9e":"2 minutes"},"schema":{"@context":"https:\/\/schema.org","@graph":[{"@type":"WebPage","@id":"https:\/\/www.grcs.digital\/index.php\/installateur-telecom\/","url":"https:\/\/www.grcs.digital\/index.php\/installateur-telecom\/","name":"TELECOMMUNICATION - GRCS %","isPartOf":{"@id":"https:\/\/www.grcs.digital\/#website"},"primaryImageOfPage":{"@id":"https:\/\/www.grcs.digital\/index.php\/installateur-telecom\/#primaryimage"},"image":{"@id":"https:\/\/www.grcs.digital\/index.php\/installateur-telecom\/#primaryimage"},"thumbnailUrl":"http:\/\/grcs.digital\/wp-content\/uploads\/2018\/04\/phone_smart_icon_mobile_3d_call_screen_calendar-561514-300x225.jpg","datePublished":"2018-03-27T14:08:17+00:00","dateModified":"2021-06-07T09:13:25+00:00","description":"Installateur t\u00e9l\u00e9com informatique Marseille PACA op\u00e9rateur sip trunk 3cx unify alcatel .Entreprise de proximit\u00e9 certifi\u00e9 par les grands acteurs des IT.","breadcrumb":{"@id":"https:\/\/www.grcs.digital\/index.php\/installateur-telecom\/#breadcrumb"},"inLanguage":"fr-FR","potentialAction":[{"@type":"ReadAction","target":["https:\/\/www.grcs.digital\/index.php\/installateur-telecom\/"]}]},{"@type":"ImageObject","inLanguage":"fr-FR","@id":"https:\/\/www.grcs.digital\/index.php\/installateur-telecom\/#primaryimage","url":"http:\/\/grcs.digital\/wp-content\/uploads\/2018\/04\/phone_smart_icon_mobile_3d_call_screen_calendar-561514-300x225.jpg","contentUrl":"http:\/\/grcs.digital\/wp-content\/uploads\/2018\/04\/phone_smart_icon_mobile_3d_call_screen_calendar-561514-300x225.jpg"},{"@type":"BreadcrumbList","@id":"https:\/\/www.grcs.digital\/index.php\/installateur-telecom\/#breadcrumb","itemListElement":[{"@type":"ListItem","position":1,"name":"Accueil","item":"https:\/\/www.grcs.digital\/"},{"@type":"ListItem","position":2,"name":"TELECOMMUNICATION"}]},{"@type":"WebSite","@id":"https:\/\/www.grcs.digital\/#website","url":"https:\/\/www.grcs.digital\/","name":"GRCS","description":"Nos Services vous accompagnent","publisher":{"@id":"https:\/\/www.grcs.digital\/#organization"},"alternateName":"GRCS","potentialAction":[{"@type":"SearchAction","target":{"@type":"EntryPoint","urlTemplate":"https:\/\/www.grcs.digital\/?s={search_term_string}"},"query-input":{"@type":"PropertyValueSpecification","valueRequired":true,"valueName":"search_term_string"}}],"inLanguage":"fr-FR"},{"@type":"Organization","@id":"https:\/\/www.grcs.digital\/#organization","name":"GRCS","url":"https:\/\/www.grcs.digital\/","logo":{"@type":"ImageObject","inLanguage":"fr-FR","@id":"https:\/\/www.grcs.digital\/#\/schema\/logo\/image\/","url":"https:\/\/www.grcs.digital\/wp-content\/uploads\/2018\/03\/NewLogoGRCS.bmp","contentUrl":"https:\/\/www.grcs.digital\/wp-content\/uploads\/2018\/03\/NewLogoGRCS.bmp","width":683,"height":290,"caption":"GRCS"},"image":{"@id":"https:\/\/www.grcs.digital\/#\/schema\/logo\/image\/"},"sameAs":["https:\/\/www.facebook.com\/GRCS-502557076550971\/"]}]}},"jetpack_sharing_enabled":true,"jetpack_shortlink":"https:\/\/wp.me\/P9Mg9R-12","jetpack_likes_enabled":true,"jetpack-related-posts":[],"_links":{"self":[{"href":"https:\/\/www.grcs.digital\/index.php\/wp-json\/wp\/v2\/pages\/64","targetHints":{"allow":["GET"]}}],"collection":[{"href":"https:\/\/www.grcs.digital\/index.php\/wp-json\/wp\/v2\/pages"}],"about":[{"href":"https:\/\/www.grcs.digital\/index.php\/wp-json\/wp\/v2\/types\/page"}],"author":[{"embeddable":true,"href":"https:\/\/www.grcs.digital\/index.php\/wp-json\/wp\/v2\/users\/1"}],"replies":[{"embeddable":true,"href":"https:\/\/www.grcs.digital\/index.php\/wp-json\/wp\/v2\/comments?post=64"}],"version-history":[{"count":11,"href":"https:\/\/www.grcs.digital\/index.php\/wp-json\/wp\/v2\/pages\/64\/revisions"}],"predecessor-version":[{"id":502,"href":"https:\/\/www.grcs.digital\/index.php\/wp-json\/wp\/v2\/pages\/64\/revisions\/502"}],"wp:attachment":[{"href":"https:\/\/www.grcs.digital\/index.php\/wp-json\/wp\/v2\/media?parent=64"}],"curies":[{"name":"wp","href":"https:\/\/api.w.org\/{rel}","templated":true}]}}