{"id":66,"date":"2018-03-27T16:09:23","date_gmt":"2018-03-27T14:09:23","guid":{"rendered":"http:\/\/grcs.digital\/?page_id=66"},"modified":"2019-03-01T15:56:23","modified_gmt":"2019-03-01T14:56:23","slug":"infrastructure-vpn-marseille","status":"publish","type":"page","link":"https:\/\/www.grcs.digital\/index.php\/infrastructure-vpn-marseille\/","title":{"rendered":"INFRASTRUCTURE"},"content":{"rendered":"<p><span style=\"color: #000000;\">L&#8217;infra<img data-recalc-dims=\"1\" loading=\"lazy\" decoding=\"async\" data-attachment-id=\"39\" data-permalink=\"https:\/\/www.grcs.digital\/index.php\/infrastructure-vpn-marseille\/fond_infra-2\/\" data-orig-file=\"https:\/\/i0.wp.com\/www.grcs.digital\/wp-content\/uploads\/2018\/03\/Fond_Infra-1.jpg?fit=626%2C596&amp;ssl=1\" data-orig-size=\"626,596\" data-comments-opened=\"1\" data-image-meta=\"{&quot;aperture&quot;:&quot;0&quot;,&quot;credit&quot;:&quot;&quot;,&quot;camera&quot;:&quot;&quot;,&quot;caption&quot;:&quot;&quot;,&quot;created_timestamp&quot;:&quot;0&quot;,&quot;copyright&quot;:&quot;&quot;,&quot;focal_length&quot;:&quot;0&quot;,&quot;iso&quot;:&quot;0&quot;,&quot;shutter_speed&quot;:&quot;0&quot;,&quot;title&quot;:&quot;&quot;,&quot;orientation&quot;:&quot;0&quot;}\" data-image-title=\"Fond_Infra\" data-image-description=\"\" data-image-caption=\"\" data-medium-file=\"https:\/\/i0.wp.com\/www.grcs.digital\/wp-content\/uploads\/2018\/03\/Fond_Infra-1.jpg?fit=300%2C286&amp;ssl=1\" data-large-file=\"https:\/\/i0.wp.com\/www.grcs.digital\/wp-content\/uploads\/2018\/03\/Fond_Infra-1.jpg?fit=626%2C596&amp;ssl=1\" class=\"size-medium wp-image-39 alignleft\" src=\"https:\/\/i0.wp.com\/grcs.digital\/wp-content\/uploads\/2018\/03\/Fond_Infra-1-300x286.jpg?resize=300%2C286\" alt=\"\" width=\"300\" height=\"286\" srcset=\"https:\/\/i0.wp.com\/www.grcs.digital\/wp-content\/uploads\/2018\/03\/Fond_Infra-1.jpg?resize=300%2C286&amp;ssl=1 300w, https:\/\/i0.wp.com\/www.grcs.digital\/wp-content\/uploads\/2018\/03\/Fond_Infra-1.jpg?w=626&amp;ssl=1 626w\" sizes=\"auto, (max-width: 300px) 100vw, 300px\" \/>structure est le pilier principal d&#8217;un syst\u00e8me d&#8217;information. Mauvais \u00e9tat, sous dimensionn\u00e9, mal d\u00e9ploy\u00e9 vos collaborateurs et vos clients seront impact\u00e9s<\/span><\/p>\n<p><span style=\"color: #000000;\">Depuis plus de 10 ans nous concevons des architectures de bout en bout pour nos clients.<\/span><\/p>\n<p><span style=\"color: #000000;\">Energie &#8211; Cablage &#8211; Baie &#8211; R\u00e9saux (Wan,Lan,ADSL,SDSl,Fibre) &#8211; Serveurs local ou Cloud<\/span><\/p>\n","protected":false},"excerpt":{"rendered":"<p>L&#8217;infrastructure est le pilier principal d&#8217;un syst\u00e8me d&#8217;information. Mauvais \u00e9tat, sous dimensionn\u00e9, mal d\u00e9ploy\u00e9 vos collaborateurs et vos clients seront impact\u00e9s Depuis plus de 10 ans nous concevons des architectures de bout en bout pour nos clients. Energie &#8211; Cablage &#8211; Baie &#8211; R\u00e9saux (Wan,Lan,ADSL,SDSl,Fibre) &#8211; Serveurs local ou Cloud<\/p>\n","protected":false},"author":1,"featured_media":0,"parent":0,"menu_order":0,"comment_status":"closed","ping_status":"closed","template":"","meta":{"jetpack_post_was_ever_published":false,"footnotes":""},"class_list":["post-66","page","type-page","status-publish","hentry"],"yoast_head":"<!-- This site is optimized with the Yoast SEO plugin v25.1 - https:\/\/yoast.com\/wordpress\/plugins\/seo\/ -->\n<title>INFRASTRUCTURE - GRCS<\/title>\n<meta name=\"description\" content=\"Installateur t\u00e9l\u00e9com informatique Marseille PACA Microsoft 365.Entreprise de proximit\u00e9 certifi\u00e9 par les grands acteurs des IT.\" \/>\n<meta name=\"robots\" content=\"index, follow, max-snippet:-1, max-image-preview:large, max-video-preview:-1\" \/>\n<link rel=\"canonical\" href=\"https:\/\/www.grcs.digital\/index.php\/infrastructure-vpn-marseille\/\" \/>\n<meta property=\"og:locale\" content=\"fr_FR\" \/>\n<meta property=\"og:type\" content=\"article\" \/>\n<meta property=\"og:title\" content=\"INFRASTRUCTURE - GRCS\" \/>\n<meta property=\"og:description\" content=\"Installateur t\u00e9l\u00e9com informatique Marseille PACA Microsoft 365.Entreprise de proximit\u00e9 certifi\u00e9 par les grands acteurs des IT.\" \/>\n<meta property=\"og:url\" content=\"https:\/\/www.grcs.digital\/index.php\/infrastructure-vpn-marseille\/\" \/>\n<meta property=\"og:site_name\" content=\"GRCS\" \/>\n<meta property=\"article:publisher\" content=\"https:\/\/www.facebook.com\/GRCS-502557076550971\/\" \/>\n<meta property=\"article:modified_time\" content=\"2019-03-01T14:56:23+00:00\" \/>\n<meta property=\"og:image\" content=\"http:\/\/grcs.digital\/wp-content\/uploads\/2018\/03\/Fond_Infra-1-300x286.jpg\" \/>\n<meta name=\"twitter:card\" content=\"summary_large_image\" \/>\n<script type=\"application\/ld+json\" class=\"yoast-schema-graph\">{\"@context\":\"https:\/\/schema.org\",\"@graph\":[{\"@type\":\"WebPage\",\"@id\":\"https:\/\/www.grcs.digital\/index.php\/infrastructure-vpn-marseille\/\",\"url\":\"https:\/\/www.grcs.digital\/index.php\/infrastructure-vpn-marseille\/\",\"name\":\"INFRASTRUCTURE - GRCS\",\"isPartOf\":{\"@id\":\"https:\/\/www.grcs.digital\/#website\"},\"primaryImageOfPage\":{\"@id\":\"https:\/\/www.grcs.digital\/index.php\/infrastructure-vpn-marseille\/#primaryimage\"},\"image\":{\"@id\":\"https:\/\/www.grcs.digital\/index.php\/infrastructure-vpn-marseille\/#primaryimage\"},\"thumbnailUrl\":\"http:\/\/grcs.digital\/wp-content\/uploads\/2018\/03\/Fond_Infra-1-300x286.jpg\",\"datePublished\":\"2018-03-27T14:09:23+00:00\",\"dateModified\":\"2019-03-01T14:56:23+00:00\",\"description\":\"Installateur t\u00e9l\u00e9com informatique Marseille PACA Microsoft 365.Entreprise de proximit\u00e9 certifi\u00e9 par les grands acteurs des IT.\",\"breadcrumb\":{\"@id\":\"https:\/\/www.grcs.digital\/index.php\/infrastructure-vpn-marseille\/#breadcrumb\"},\"inLanguage\":\"fr-FR\",\"potentialAction\":[{\"@type\":\"ReadAction\",\"target\":[\"https:\/\/www.grcs.digital\/index.php\/infrastructure-vpn-marseille\/\"]}]},{\"@type\":\"ImageObject\",\"inLanguage\":\"fr-FR\",\"@id\":\"https:\/\/www.grcs.digital\/index.php\/infrastructure-vpn-marseille\/#primaryimage\",\"url\":\"http:\/\/grcs.digital\/wp-content\/uploads\/2018\/03\/Fond_Infra-1-300x286.jpg\",\"contentUrl\":\"http:\/\/grcs.digital\/wp-content\/uploads\/2018\/03\/Fond_Infra-1-300x286.jpg\"},{\"@type\":\"BreadcrumbList\",\"@id\":\"https:\/\/www.grcs.digital\/index.php\/infrastructure-vpn-marseille\/#breadcrumb\",\"itemListElement\":[{\"@type\":\"ListItem\",\"position\":1,\"name\":\"Accueil\",\"item\":\"https:\/\/www.grcs.digital\/\"},{\"@type\":\"ListItem\",\"position\":2,\"name\":\"INFRASTRUCTURE\"}]},{\"@type\":\"WebSite\",\"@id\":\"https:\/\/www.grcs.digital\/#website\",\"url\":\"https:\/\/www.grcs.digital\/\",\"name\":\"GRCS\",\"description\":\"Nos Services vous accompagnent\",\"publisher\":{\"@id\":\"https:\/\/www.grcs.digital\/#organization\"},\"alternateName\":\"GRCS\",\"potentialAction\":[{\"@type\":\"SearchAction\",\"target\":{\"@type\":\"EntryPoint\",\"urlTemplate\":\"https:\/\/www.grcs.digital\/?s={search_term_string}\"},\"query-input\":{\"@type\":\"PropertyValueSpecification\",\"valueRequired\":true,\"valueName\":\"search_term_string\"}}],\"inLanguage\":\"fr-FR\"},{\"@type\":\"Organization\",\"@id\":\"https:\/\/www.grcs.digital\/#organization\",\"name\":\"GRCS\",\"url\":\"https:\/\/www.grcs.digital\/\",\"logo\":{\"@type\":\"ImageObject\",\"inLanguage\":\"fr-FR\",\"@id\":\"https:\/\/www.grcs.digital\/#\/schema\/logo\/image\/\",\"url\":\"https:\/\/www.grcs.digital\/wp-content\/uploads\/2018\/03\/NewLogoGRCS.bmp\",\"contentUrl\":\"https:\/\/www.grcs.digital\/wp-content\/uploads\/2018\/03\/NewLogoGRCS.bmp\",\"width\":683,\"height\":290,\"caption\":\"GRCS\"},\"image\":{\"@id\":\"https:\/\/www.grcs.digital\/#\/schema\/logo\/image\/\"},\"sameAs\":[\"https:\/\/www.facebook.com\/GRCS-502557076550971\/\"]}]}<\/script>\n<!-- \/ Yoast SEO plugin. -->","yoast_head_json":{"title":"INFRASTRUCTURE - GRCS","description":"Installateur t\u00e9l\u00e9com informatique Marseille PACA Microsoft 365.Entreprise de proximit\u00e9 certifi\u00e9 par les grands acteurs des IT.","robots":{"index":"index","follow":"follow","max-snippet":"max-snippet:-1","max-image-preview":"max-image-preview:large","max-video-preview":"max-video-preview:-1"},"canonical":"https:\/\/www.grcs.digital\/index.php\/infrastructure-vpn-marseille\/","og_locale":"fr_FR","og_type":"article","og_title":"INFRASTRUCTURE - GRCS","og_description":"Installateur t\u00e9l\u00e9com informatique Marseille PACA Microsoft 365.Entreprise de proximit\u00e9 certifi\u00e9 par les grands acteurs des IT.","og_url":"https:\/\/www.grcs.digital\/index.php\/infrastructure-vpn-marseille\/","og_site_name":"GRCS","article_publisher":"https:\/\/www.facebook.com\/GRCS-502557076550971\/","article_modified_time":"2019-03-01T14:56:23+00:00","og_image":[{"url":"http:\/\/grcs.digital\/wp-content\/uploads\/2018\/03\/Fond_Infra-1-300x286.jpg","type":"","width":"","height":""}],"twitter_card":"summary_large_image","schema":{"@context":"https:\/\/schema.org","@graph":[{"@type":"WebPage","@id":"https:\/\/www.grcs.digital\/index.php\/infrastructure-vpn-marseille\/","url":"https:\/\/www.grcs.digital\/index.php\/infrastructure-vpn-marseille\/","name":"INFRASTRUCTURE - GRCS","isPartOf":{"@id":"https:\/\/www.grcs.digital\/#website"},"primaryImageOfPage":{"@id":"https:\/\/www.grcs.digital\/index.php\/infrastructure-vpn-marseille\/#primaryimage"},"image":{"@id":"https:\/\/www.grcs.digital\/index.php\/infrastructure-vpn-marseille\/#primaryimage"},"thumbnailUrl":"http:\/\/grcs.digital\/wp-content\/uploads\/2018\/03\/Fond_Infra-1-300x286.jpg","datePublished":"2018-03-27T14:09:23+00:00","dateModified":"2019-03-01T14:56:23+00:00","description":"Installateur t\u00e9l\u00e9com informatique Marseille PACA Microsoft 365.Entreprise de proximit\u00e9 certifi\u00e9 par les grands acteurs des IT.","breadcrumb":{"@id":"https:\/\/www.grcs.digital\/index.php\/infrastructure-vpn-marseille\/#breadcrumb"},"inLanguage":"fr-FR","potentialAction":[{"@type":"ReadAction","target":["https:\/\/www.grcs.digital\/index.php\/infrastructure-vpn-marseille\/"]}]},{"@type":"ImageObject","inLanguage":"fr-FR","@id":"https:\/\/www.grcs.digital\/index.php\/infrastructure-vpn-marseille\/#primaryimage","url":"http:\/\/grcs.digital\/wp-content\/uploads\/2018\/03\/Fond_Infra-1-300x286.jpg","contentUrl":"http:\/\/grcs.digital\/wp-content\/uploads\/2018\/03\/Fond_Infra-1-300x286.jpg"},{"@type":"BreadcrumbList","@id":"https:\/\/www.grcs.digital\/index.php\/infrastructure-vpn-marseille\/#breadcrumb","itemListElement":[{"@type":"ListItem","position":1,"name":"Accueil","item":"https:\/\/www.grcs.digital\/"},{"@type":"ListItem","position":2,"name":"INFRASTRUCTURE"}]},{"@type":"WebSite","@id":"https:\/\/www.grcs.digital\/#website","url":"https:\/\/www.grcs.digital\/","name":"GRCS","description":"Nos Services vous accompagnent","publisher":{"@id":"https:\/\/www.grcs.digital\/#organization"},"alternateName":"GRCS","potentialAction":[{"@type":"SearchAction","target":{"@type":"EntryPoint","urlTemplate":"https:\/\/www.grcs.digital\/?s={search_term_string}"},"query-input":{"@type":"PropertyValueSpecification","valueRequired":true,"valueName":"search_term_string"}}],"inLanguage":"fr-FR"},{"@type":"Organization","@id":"https:\/\/www.grcs.digital\/#organization","name":"GRCS","url":"https:\/\/www.grcs.digital\/","logo":{"@type":"ImageObject","inLanguage":"fr-FR","@id":"https:\/\/www.grcs.digital\/#\/schema\/logo\/image\/","url":"https:\/\/www.grcs.digital\/wp-content\/uploads\/2018\/03\/NewLogoGRCS.bmp","contentUrl":"https:\/\/www.grcs.digital\/wp-content\/uploads\/2018\/03\/NewLogoGRCS.bmp","width":683,"height":290,"caption":"GRCS"},"image":{"@id":"https:\/\/www.grcs.digital\/#\/schema\/logo\/image\/"},"sameAs":["https:\/\/www.facebook.com\/GRCS-502557076550971\/"]}]}},"jetpack_sharing_enabled":true,"jetpack_shortlink":"https:\/\/wp.me\/P9Mg9R-14","jetpack_likes_enabled":true,"jetpack-related-posts":[],"_links":{"self":[{"href":"https:\/\/www.grcs.digital\/index.php\/wp-json\/wp\/v2\/pages\/66","targetHints":{"allow":["GET"]}}],"collection":[{"href":"https:\/\/www.grcs.digital\/index.php\/wp-json\/wp\/v2\/pages"}],"about":[{"href":"https:\/\/www.grcs.digital\/index.php\/wp-json\/wp\/v2\/types\/page"}],"author":[{"embeddable":true,"href":"https:\/\/www.grcs.digital\/index.php\/wp-json\/wp\/v2\/users\/1"}],"replies":[{"embeddable":true,"href":"https:\/\/www.grcs.digital\/index.php\/wp-json\/wp\/v2\/comments?post=66"}],"version-history":[{"count":7,"href":"https:\/\/www.grcs.digital\/index.php\/wp-json\/wp\/v2\/pages\/66\/revisions"}],"predecessor-version":[{"id":357,"href":"https:\/\/www.grcs.digital\/index.php\/wp-json\/wp\/v2\/pages\/66\/revisions\/357"}],"wp:attachment":[{"href":"https:\/\/www.grcs.digital\/index.php\/wp-json\/wp\/v2\/media?parent=66"}],"curies":[{"name":"wp","href":"https:\/\/api.w.org\/{rel}","templated":true}]}}