{"id":92,"date":"2018-04-01T19:26:01","date_gmt":"2018-04-01T17:26:01","guid":{"rendered":"http:\/\/grcs.digital\/?page_id=92"},"modified":"2019-03-01T16:15:12","modified_gmt":"2019-03-01T15:15:12","slug":"grcs","status":"publish","type":"page","link":"https:\/\/www.grcs.digital\/index.php\/grcs\/","title":{"rendered":"GRCS"},"content":{"rendered":"<div id=\"total_site\">\n<div class=\"centrage\">\n<div id=\"nav\" style=\"text-align: center;\"><strong>\u00a0<\/strong><\/div>\n<\/div>\n<\/div>\n<div id=\"footer\">\n<div id=\"jgo_acc_footercentrage_0\" class=\"centrage\">\n<div id=\"zoneCachee\">\n<div>\n<div id=\"seo_text\">\n<\/div>\n<div class=\"clear\">\u00a0<span style=\"color: #000000;\">GRCS\u00a0 Groupe R\u00e9sau Commutation S\u00e9curit\u00e9<\/span><br \/>\n<span style=\"color: #000000;\">Int\u00e9grateur dans les technologies de l&#8217;information et de la communication dans la r\u00e9gion PACA <strong>G.R.C.S a \u00e9t\u00e9 fond\u00e9e \u00e0 Marseille en 2006<\/strong> par le regroupement de trois entit\u00e9s, avec chacune plus de dix ans d\u2019exp\u00e9rience dans des activit\u00e9s convergentes telles que les t\u00e9l\u00e9communications, l&#8217;informatique et la s\u00e9curit\u00e9.Notre objectif: Proposer une offre globale de services pour les entreprises.Fort de notre exp\u00e9rience dans le domaine de l\u2019informatique r\u00e9seau et des t\u00e9l\u00e9communications nous souhaitons proposer \u00e0 nos clients une solution technique globale pour leur syst\u00e8me de communication d\u2019entreprise.Un seul prestataire, un num\u00e9ro d\u2019appel, un interlocuteur, une \u00e9quipe commerciale et technique comp\u00e9tente et dynamique \u00e0 votre \u00e9coute se d\u00e9pla\u00e7ant sur toute la r\u00e9gion PACA (Marseille, Toulon, Aix en Provence,&#8230;).G.R.C.S est certifi\u00e9 Microsoft Partner Network, UNIFY (SOCA, SOCAP, GRCS a \u00e9t\u00e9 le PREMIER installateur certifi\u00e9 PLUS de france).G.RCS est sp\u00e9cialis\u00e9 dans les technologies VOIP et syst\u00e8mes de communication IP.<\/span><\/div>\n<\/div>\n<\/div>\n<div class=\"clear\"><\/div>\n<\/div>\n<\/div>\n","protected":false},"excerpt":{"rendered":"<p>\u00a0 \u00a0GRCS\u00a0 Groupe R\u00e9sau Commutation S\u00e9curit\u00e9 Int\u00e9grateur dans les technologies de l&#8217;information et de la communication dans la r\u00e9gion PACA G.R.C.S a \u00e9t\u00e9 fond\u00e9e \u00e0 Marseille en 2006 par le regroupement de trois entit\u00e9s, avec chacune plus de dix ans d\u2019exp\u00e9rience dans des activit\u00e9s convergentes telles que les t\u00e9l\u00e9communications, l&#8217;informatique et la s\u00e9curit\u00e9.Notre objectif: Proposer<\/p>\n<div><a class=\"btn-filled btn\" href=\"https:\/\/www.grcs.digital\/index.php\/grcs\/\" title=\"GRCS\">Lire la suite<\/a><\/div>\n","protected":false},"author":1,"featured_media":0,"parent":0,"menu_order":0,"comment_status":"closed","ping_status":"closed","template":"","meta":{"jetpack_post_was_ever_published":false,"footnotes":""},"class_list":["post-92","page","type-page","status-publish","hentry"],"yoast_head":"<!-- This site is optimized with the Yoast SEO plugin v25.1 - https:\/\/yoast.com\/wordpress\/plugins\/seo\/ -->\n<title>GRCS - GRCS<\/title>\n<meta name=\"description\" content=\"Installateur t\u00e9l\u00e9com informatique Marseille PACA Microsoft 365.Entreprise de proximit\u00e9 certifi\u00e9 par les grands acteurs des IT.\" \/>\n<meta name=\"robots\" content=\"index, follow, max-snippet:-1, max-image-preview:large, max-video-preview:-1\" \/>\n<link rel=\"canonical\" href=\"https:\/\/www.grcs.digital\/index.php\/grcs\/\" \/>\n<meta property=\"og:locale\" content=\"fr_FR\" \/>\n<meta property=\"og:type\" content=\"article\" \/>\n<meta property=\"og:title\" content=\"GRCS - GRCS\" \/>\n<meta property=\"og:description\" content=\"Installateur t\u00e9l\u00e9com informatique Marseille PACA Microsoft 365.Entreprise de proximit\u00e9 certifi\u00e9 par les grands acteurs des IT.\" \/>\n<meta property=\"og:url\" content=\"https:\/\/www.grcs.digital\/index.php\/grcs\/\" \/>\n<meta property=\"og:site_name\" content=\"GRCS\" \/>\n<meta property=\"article:publisher\" content=\"https:\/\/www.facebook.com\/GRCS-502557076550971\/\" \/>\n<meta property=\"article:modified_time\" content=\"2019-03-01T15:15:12+00:00\" \/>\n<meta name=\"twitter:card\" content=\"summary_large_image\" \/>\n<meta name=\"twitter:label1\" content=\"Dur\u00e9e de lecture estim\u00e9e\" \/>\n\t<meta name=\"twitter:data1\" content=\"1 minute\" \/>\n<script type=\"application\/ld+json\" class=\"yoast-schema-graph\">{\"@context\":\"https:\/\/schema.org\",\"@graph\":[{\"@type\":\"WebPage\",\"@id\":\"https:\/\/www.grcs.digital\/index.php\/grcs\/\",\"url\":\"https:\/\/www.grcs.digital\/index.php\/grcs\/\",\"name\":\"GRCS - GRCS\",\"isPartOf\":{\"@id\":\"https:\/\/www.grcs.digital\/#website\"},\"datePublished\":\"2018-04-01T17:26:01+00:00\",\"dateModified\":\"2019-03-01T15:15:12+00:00\",\"description\":\"Installateur t\u00e9l\u00e9com informatique Marseille PACA Microsoft 365.Entreprise de proximit\u00e9 certifi\u00e9 par les grands acteurs des IT.\",\"breadcrumb\":{\"@id\":\"https:\/\/www.grcs.digital\/index.php\/grcs\/#breadcrumb\"},\"inLanguage\":\"fr-FR\",\"potentialAction\":[{\"@type\":\"ReadAction\",\"target\":[\"https:\/\/www.grcs.digital\/index.php\/grcs\/\"]}]},{\"@type\":\"BreadcrumbList\",\"@id\":\"https:\/\/www.grcs.digital\/index.php\/grcs\/#breadcrumb\",\"itemListElement\":[{\"@type\":\"ListItem\",\"position\":1,\"name\":\"Accueil\",\"item\":\"https:\/\/www.grcs.digital\/\"},{\"@type\":\"ListItem\",\"position\":2,\"name\":\"GRCS\"}]},{\"@type\":\"WebSite\",\"@id\":\"https:\/\/www.grcs.digital\/#website\",\"url\":\"https:\/\/www.grcs.digital\/\",\"name\":\"GRCS\",\"description\":\"Nos Services vous accompagnent\",\"publisher\":{\"@id\":\"https:\/\/www.grcs.digital\/#organization\"},\"alternateName\":\"GRCS\",\"potentialAction\":[{\"@type\":\"SearchAction\",\"target\":{\"@type\":\"EntryPoint\",\"urlTemplate\":\"https:\/\/www.grcs.digital\/?s={search_term_string}\"},\"query-input\":{\"@type\":\"PropertyValueSpecification\",\"valueRequired\":true,\"valueName\":\"search_term_string\"}}],\"inLanguage\":\"fr-FR\"},{\"@type\":\"Organization\",\"@id\":\"https:\/\/www.grcs.digital\/#organization\",\"name\":\"GRCS\",\"url\":\"https:\/\/www.grcs.digital\/\",\"logo\":{\"@type\":\"ImageObject\",\"inLanguage\":\"fr-FR\",\"@id\":\"https:\/\/www.grcs.digital\/#\/schema\/logo\/image\/\",\"url\":\"https:\/\/www.grcs.digital\/wp-content\/uploads\/2018\/03\/NewLogoGRCS.bmp\",\"contentUrl\":\"https:\/\/www.grcs.digital\/wp-content\/uploads\/2018\/03\/NewLogoGRCS.bmp\",\"width\":683,\"height\":290,\"caption\":\"GRCS\"},\"image\":{\"@id\":\"https:\/\/www.grcs.digital\/#\/schema\/logo\/image\/\"},\"sameAs\":[\"https:\/\/www.facebook.com\/GRCS-502557076550971\/\"]}]}<\/script>\n<!-- \/ Yoast SEO plugin. -->","yoast_head_json":{"title":"GRCS - GRCS","description":"Installateur t\u00e9l\u00e9com informatique Marseille PACA Microsoft 365.Entreprise de proximit\u00e9 certifi\u00e9 par les grands acteurs des IT.","robots":{"index":"index","follow":"follow","max-snippet":"max-snippet:-1","max-image-preview":"max-image-preview:large","max-video-preview":"max-video-preview:-1"},"canonical":"https:\/\/www.grcs.digital\/index.php\/grcs\/","og_locale":"fr_FR","og_type":"article","og_title":"GRCS - GRCS","og_description":"Installateur t\u00e9l\u00e9com informatique Marseille PACA Microsoft 365.Entreprise de proximit\u00e9 certifi\u00e9 par les grands acteurs des IT.","og_url":"https:\/\/www.grcs.digital\/index.php\/grcs\/","og_site_name":"GRCS","article_publisher":"https:\/\/www.facebook.com\/GRCS-502557076550971\/","article_modified_time":"2019-03-01T15:15:12+00:00","twitter_card":"summary_large_image","twitter_misc":{"Dur\u00e9e de lecture estim\u00e9e":"1 minute"},"schema":{"@context":"https:\/\/schema.org","@graph":[{"@type":"WebPage","@id":"https:\/\/www.grcs.digital\/index.php\/grcs\/","url":"https:\/\/www.grcs.digital\/index.php\/grcs\/","name":"GRCS - GRCS","isPartOf":{"@id":"https:\/\/www.grcs.digital\/#website"},"datePublished":"2018-04-01T17:26:01+00:00","dateModified":"2019-03-01T15:15:12+00:00","description":"Installateur t\u00e9l\u00e9com informatique Marseille PACA Microsoft 365.Entreprise de proximit\u00e9 certifi\u00e9 par les grands acteurs des IT.","breadcrumb":{"@id":"https:\/\/www.grcs.digital\/index.php\/grcs\/#breadcrumb"},"inLanguage":"fr-FR","potentialAction":[{"@type":"ReadAction","target":["https:\/\/www.grcs.digital\/index.php\/grcs\/"]}]},{"@type":"BreadcrumbList","@id":"https:\/\/www.grcs.digital\/index.php\/grcs\/#breadcrumb","itemListElement":[{"@type":"ListItem","position":1,"name":"Accueil","item":"https:\/\/www.grcs.digital\/"},{"@type":"ListItem","position":2,"name":"GRCS"}]},{"@type":"WebSite","@id":"https:\/\/www.grcs.digital\/#website","url":"https:\/\/www.grcs.digital\/","name":"GRCS","description":"Nos Services vous accompagnent","publisher":{"@id":"https:\/\/www.grcs.digital\/#organization"},"alternateName":"GRCS","potentialAction":[{"@type":"SearchAction","target":{"@type":"EntryPoint","urlTemplate":"https:\/\/www.grcs.digital\/?s={search_term_string}"},"query-input":{"@type":"PropertyValueSpecification","valueRequired":true,"valueName":"search_term_string"}}],"inLanguage":"fr-FR"},{"@type":"Organization","@id":"https:\/\/www.grcs.digital\/#organization","name":"GRCS","url":"https:\/\/www.grcs.digital\/","logo":{"@type":"ImageObject","inLanguage":"fr-FR","@id":"https:\/\/www.grcs.digital\/#\/schema\/logo\/image\/","url":"https:\/\/www.grcs.digital\/wp-content\/uploads\/2018\/03\/NewLogoGRCS.bmp","contentUrl":"https:\/\/www.grcs.digital\/wp-content\/uploads\/2018\/03\/NewLogoGRCS.bmp","width":683,"height":290,"caption":"GRCS"},"image":{"@id":"https:\/\/www.grcs.digital\/#\/schema\/logo\/image\/"},"sameAs":["https:\/\/www.facebook.com\/GRCS-502557076550971\/"]}]}},"jetpack_sharing_enabled":true,"jetpack_shortlink":"https:\/\/wp.me\/P9Mg9R-1u","jetpack_likes_enabled":true,"jetpack-related-posts":[],"_links":{"self":[{"href":"https:\/\/www.grcs.digital\/index.php\/wp-json\/wp\/v2\/pages\/92","targetHints":{"allow":["GET"]}}],"collection":[{"href":"https:\/\/www.grcs.digital\/index.php\/wp-json\/wp\/v2\/pages"}],"about":[{"href":"https:\/\/www.grcs.digital\/index.php\/wp-json\/wp\/v2\/types\/page"}],"author":[{"embeddable":true,"href":"https:\/\/www.grcs.digital\/index.php\/wp-json\/wp\/v2\/users\/1"}],"replies":[{"embeddable":true,"href":"https:\/\/www.grcs.digital\/index.php\/wp-json\/wp\/v2\/comments?post=92"}],"version-history":[{"count":17,"href":"https:\/\/www.grcs.digital\/index.php\/wp-json\/wp\/v2\/pages\/92\/revisions"}],"predecessor-version":[{"id":363,"href":"https:\/\/www.grcs.digital\/index.php\/wp-json\/wp\/v2\/pages\/92\/revisions\/363"}],"wp:attachment":[{"href":"https:\/\/www.grcs.digital\/index.php\/wp-json\/wp\/v2\/media?parent=92"}],"curies":[{"name":"wp","href":"https:\/\/api.w.org\/{rel}","templated":true}]}}